{"id":72563,"date":"2024-01-23T09:34:50","date_gmt":"2024-01-23T14:34:50","guid":{"rendered":"https:\/\/nouveau.machinagegagne.ca\/privacy-policy\/"},"modified":"2024-03-15T10:09:29","modified_gmt":"2024-03-15T14:09:29","slug":"privacy-policy","status":"publish","type":"page","link":"https:\/\/machinagegagne.ca\/en\/privacy-policy\/","title":{"rendered":"Privacy policy"},"content":{"rendered":"<section class=\"l-section wpb_row us_custom_9a07f12e height_large\"><div class=\"l-section-h i-cf\"><div class=\"g-cols vc_row via_grid cols_1 laptops-cols_inherit tablets-cols_inherit mobiles-cols_1 valign_top type_default stacking_default\"><div class=\"wpb_column vc_column_container\"><div class=\"vc_column-inner\"><div class=\"wpb_text_column\"><div class=\"wpb_wrapper\"><p><em>Date d&#8217;entr\u00e9e en vigueur : 22 septembre 2023<\/em><br \/>\n<em>Derni\u00e8re mise \u00e0 jour : 22 septembre 2023<br \/>\n<\/em><\/p>\n<h3>Introduction<\/h3>\n<p>Devant le d\u00e9veloppement des nouveaux outils de communication, il est n\u00e9cessaire de porter une attention particuli\u00e8re \u00e0 la protection de la vie priv\u00e9e. C\u2019est pourquoi, Machinage Gagn\u00e9 s&#8217;engage \u00e0 respecter la confidentialit\u00e9 des renseignements personnels collect\u00e9s.<\/p>\n<h3>Collecte des renseignements personnels<\/h3>\n<p><strong>Par le biais d&#8217;un formulaire de contact<\/strong><\/p>\n<p>Lorsqu&#8217;un utilisateur remplit le formulaire de soumission, nous collectons les renseignements suivants :<\/p>\n<ul>\n<li>Pr\u00e9nom<\/li>\n<li>Name<\/li>\n<li>Adresse \u00e9lectronique<\/li>\n<li>Entreprise associ\u00e9e \u00e0 la personne<\/li>\n<li>Num\u00e9ro de t\u00e9l\u00e9phone (si applicable)<\/li>\n<li>Fichier descriptif du projet (si applicable)<\/li>\n<\/ul>\n<p>Les renseignements personnels sont utilis\u00e9s \u00e0 des fins de communication. Nous n\u2019utiliserons pas ces renseignements \u00e0 d\u2019autres fins.<\/p>\n<p><strong>Lors de la navigation sur le site Web<\/strong><\/p>\n<p>Des informations telles que votre adresse IP, l\u2019identifiant de votre appareil, le type de navigateur, les pages consult\u00e9es sont recueillies par Google Analytics \u00e0 des fins de statistiques.<\/p>\n<h3>Droit d&#8217;acc\u00e8s, d\u2019opposition ou de retrait \u00e0 l&#8217;information<\/h3>\n<p>Nous nous engageons \u00e0 reconna\u00eetre un droit d\u2019acc\u00e8s, d&#8217;opposition ou de retrait quant aux renseignements personnels.<\/p>\n<p>Pour en savoir plus ou pour exercer ces droits, vous pouvez contacter la personne responsable de la protection des renseignements personnels.<\/p>\n<h3>safety<\/h3>\n<p>Nous nous engageons \u00e0 maintenir un haut degr\u00e9 de confidentialit\u00e9 en int\u00e9grant les derni\u00e8res innovations technologiques permettant d\u2019assurer la confidentialit\u00e9 de vos informations. Toutefois, comme aucun m\u00e9canisme n\u2019offre une s\u00e9curit\u00e9 maximale, une part de risque est toujours pr\u00e9sente lorsque l\u2019on utilise Internet pour transmettre des renseignements personnels.<\/p>\n<h3>Fichiers t\u00e9moins (cookies)<\/h3>\n<p>Le site Web de Machinage Gagn\u00e9 utilise les fichiers t\u00e9moins (cookies) pour am\u00e9liorer l&#8217;exp\u00e9rience de navigation et \u00e0 des fins de statistiques.<br \/>\n<a class=\"cky-banner-element\" href=\"#\">&gt; Modifier vos param\u00e8tres de cookies<\/a><\/p>\n<h3>Statistics and audience measures<\/h3>\n<p>Nous utilisons Google Analytics comme outil de statistiques de mesures d&#8217;audience.<br \/>\n<a href=\"https:\/\/policies.google.com\/privacy?hl=fr-CA\" target=\"_blank\" rel=\"noopener\">&gt; En savoir plus sur la politique de confidentialit\u00e9 de Google<\/a><\/p>\n<h3>Dur\u00e9e de conservation des donn\u00e9es<\/h3>\n<p>Les renseignements personnels sont conserv\u00e9s aussi longtemps que n\u00e9cessaires pour atteindre les fins pour lesquelles ils ont \u00e9t\u00e9 recueillis, ou tel que mentionn\u00e9 par la loi.<\/p>\n<h3>D\u00e9claration d\u2019incident<\/h3>\n<p>Dans le cas o\u00f9 surviendrait un incident affectant la protection des renseignements personnels, Machinage Gagn\u00e9 s&#8217;engage \u00e0 informer les personnes concern\u00e9es et d\u00e9clarer l&#8217;incident \u00e0 la Commission d\u2019acc\u00e8s \u00e0 l\u2019information du Qu\u00e9bec.<\/p>\n<h3 class=\"wp-block-heading\">Communiquez avec nous<\/h3>\n<p>Pour toute question concernant cette politique, vous pouvez contacter le responsable de la protection des renseignements personnels.<\/p>\n<p><strong>Francis Boag, responsable de la protection des renseignements personnels<\/strong><br \/>\n790, boul. Industriel<br \/>\nGranby, Qu\u00e9bec J2G 9J5<br \/>\nT\u00e9l\u00e9phone : 450-378-4929<br \/>\nCourriel : <a href=\"mailto:francis.boag@machinagegagne.ca\">francis.boag@machinagegagne.ca<\/a><\/p>\n<h3>Changements sans pr\u00e9avis<\/h3>\n<p>Les conditions mentionn\u00e9es dans cette politique de confidentialit\u00e9 peuvent \u00eatre modifi\u00e9es \u00e0 tout moment et sans pr\u00e9vis.<\/p>\n<\/div><\/div><\/div><\/div><\/div><\/div><\/section>\n","protected":false},"excerpt":{"rendered":"Date d&#8217;entr\u00e9e en vigueur : 22 septembre 2023 Derni\u00e8re mise \u00e0 jour : 22 septembre 2023 Introduction Devant le d\u00e9veloppement des nouveaux outils de communication, il est n\u00e9cessaire de porter une attention particuli\u00e8re \u00e0 la protection de la vie priv\u00e9e. C\u2019est pourquoi, Machinage Gagn\u00e9 s&#8217;engage \u00e0 respecter la confidentialit\u00e9 des renseignements personnels collect\u00e9s. Collecte des...","protected":false},"author":1,"featured_media":0,"parent":0,"menu_order":0,"comment_status":"closed","ping_status":"closed","template":"","meta":{"footnotes":""},"class_list":["post-72563","page","type-page","status-publish","hentry"],"_links":{"self":[{"href":"https:\/\/machinagegagne.ca\/en\/wp-json\/wp\/v2\/pages\/72563","targetHints":{"allow":["GET"]}}],"collection":[{"href":"https:\/\/machinagegagne.ca\/en\/wp-json\/wp\/v2\/pages"}],"about":[{"href":"https:\/\/machinagegagne.ca\/en\/wp-json\/wp\/v2\/types\/page"}],"author":[{"embeddable":true,"href":"https:\/\/machinagegagne.ca\/en\/wp-json\/wp\/v2\/users\/1"}],"replies":[{"embeddable":true,"href":"https:\/\/machinagegagne.ca\/en\/wp-json\/wp\/v2\/comments?post=72563"}],"version-history":[{"count":3,"href":"https:\/\/machinagegagne.ca\/en\/wp-json\/wp\/v2\/pages\/72563\/revisions"}],"predecessor-version":[{"id":73024,"href":"https:\/\/machinagegagne.ca\/en\/wp-json\/wp\/v2\/pages\/72563\/revisions\/73024"}],"wp:attachment":[{"href":"https:\/\/machinagegagne.ca\/en\/wp-json\/wp\/v2\/media?parent=72563"}],"curies":[{"name":"wp","href":"https:\/\/api.w.org\/{rel}","templated":true}]}}