{"id":73167,"date":"2025-11-17T09:05:42","date_gmt":"2025-11-17T14:05:42","guid":{"rendered":"https:\/\/machinagegagne.ca\/servicios\/"},"modified":"2025-11-18T08:50:19","modified_gmt":"2025-11-18T13:50:19","slug":"servicios","status":"publish","type":"page","link":"https:\/\/machinagegagne.ca\/es\/servicios\/","title":{"rendered":"Servicios"},"content":{"rendered":"<section class=\"l-section wpb_row bg-tag height_auto\"><div class=\"l-section-h i-cf\"><div class=\"g-cols vc_row via_grid cols_1 laptops-cols_inherit tablets-cols_inherit mobiles-cols_1 valign_top type_boxes stacking_default\"><div class=\"wpb_column vc_column_container\"><div class=\"vc_column-inner\"><div class=\"g-cols wpb_row via_grid cols_3 laptops-cols_inherit tablets-cols_inherit mobiles-cols_1 valign_top type_default stacking_default\" style=\"--columns-gap:3rem;\"><div class=\"wpb_column vc_column_container\"><div class=\"vc_column-inner\"><div class=\"wpb_text_column\"><div class=\"wpb_wrapper\"><h2>Servicio de Emergencia<\/h2>\n<p>\u00a1El servicio 9-1-1, somos nosotros! Nuestro equipo de maquinistas experimentados asegura trabajo profesional, r\u00e1pido y preciso. Tambi\u00e9n ofrecemos servicios de recogida y entrega de su equipo bajo petici\u00f3n.<\/p>\n<\/div><\/div><\/div><\/div><div class=\"wpb_column vc_column_container\"><div class=\"vc_column-inner\"><div class=\"wpb_text_column\"><div class=\"wpb_wrapper\"><h2>Fabricaci\u00f3n CNC<\/h2>\n<p>Machinage Gagn\u00e9 tiene experiencia en mecanizado CNC para proyectos de reparaci\u00f3n, fabricaci\u00f3n y prototipos hasta producci\u00f3n en serie.<\/p>\n<\/div><\/div><div class=\"w-btn-wrapper align_none\"><a class=\"w-btn us-btn-style_2 underline icon_atleft\" title=\"Service d&#039;usinage CNC\" href=\"https:\/\/machinagegagne.ca\/es\/servicios\/fabricacion-cnc\/\"><i class=\"fas fa-long-arrow-right\"><\/i><span class=\"w-btn-label\">M\u00e1s informaci\u00f3n<\/span><\/a><\/div><\/div><\/div><div class=\"wpb_column vc_column_container\"><div class=\"vc_column-inner\"><div class=\"wpb_text_column\"><div class=\"wpb_wrapper\"><h2>Moldes por inyecci\u00f3n<\/h2>\n<p>Ofrecemos la fabricaci\u00f3n y reparaci\u00f3n de su molde de inyecci\u00f3n con nosotros. Nuestro departamento de moldes ofrece un servicio profesional y completo para la restauraci\u00f3n de su equipo, todo garantizado en Machinage Gagn\u00e9.<\/p>\n<\/div><\/div><div class=\"w-btn-wrapper align_none\"><a class=\"w-btn us-btn-style_2 underline icon_atleft\" title=\"Servicio de moldeo por inyecci\u00f3n\" href=\"https:\/\/machinagegagne.ca\/es\/servicios\/moldes-por-inyeccion\/\"><i class=\"fas fa-long-arrow-right\"><\/i><span class=\"w-btn-label\">M\u00e1s informaci\u00f3n<\/span><\/a><\/div><\/div><\/div><\/div><div class=\"w-separator size_medium\"><\/div><div class=\"g-cols wpb_row via_grid cols_3 laptops-cols_inherit tablets-cols_inherit mobiles-cols_1 valign_top type_default stacking_default\" style=\"--columns-gap:3rem;\"><div class=\"wpb_column vc_column_container\"><div class=\"vc_column-inner\"><div class=\"wpb_text_column\"><div class=\"wpb_wrapper\"><h2>Engranajes<\/h2>\n<p>Machinage Gagn\u00e9 se ha ganado una s\u00f3lida reputaci\u00f3n en la industria por la fabricaci\u00f3n de engranajes \u00abjusto a tiempo\u00bb. Ya sea para el tallado de engranajes helicoidales, rectos, c\u00f3nicos, sin fin, estriados u otros, tenemos la experiencia que necesita.<\/p>\n<\/div><\/div><div class=\"w-btn-wrapper align_none\"><a class=\"w-btn us-btn-style_2 underline icon_atleft\" title=\"Service de fabrication d&#039;engrenages\" href=\"https:\/\/machinagegagne.ca\/es\/servicios\/engranajes\/\"><i class=\"fas fa-long-arrow-right\"><\/i><span class=\"w-btn-label\">M\u00e1s informaci\u00f3n<\/span><\/a><\/div><\/div><\/div><div class=\"wpb_column vc_column_container\"><div class=\"vc_column-inner\"><div class=\"wpb_text_column\"><div class=\"wpb_wrapper\"><h2>Soldadura<\/h2>\n<p>Nuestro departamento de soldadura es moderno, procesamos tanto acero, aluminio como acero inoxidable. Adem\u00e1s, ofrecemos corte por plasma.<\/p>\n<\/div><\/div><div class=\"w-btn-wrapper align_none\"><a class=\"w-btn us-btn-style_2 underline icon_atleft\" title=\"Service de soudure\" href=\"https:\/\/machinagegagne.ca\/es\/servicios\/soldadura\/\"><i class=\"fas fa-long-arrow-right\"><\/i><span class=\"w-btn-label\">M\u00e1s informaci\u00f3n<\/span><\/a><\/div><\/div><\/div><div class=\"wpb_column vc_column_container\"><div class=\"vc_column-inner\"><div class=\"wpb_text_column\"><div class=\"wpb_wrapper\"><h2>Dise\u00f1o CAD<\/h2>\n<p>Conozca m\u00e1s sobre nuestro servicio de dibujo-dise\u00f1o con CAD 2D y 3D SolidWorks.<\/p>\n<\/div><\/div><div class=\"w-btn-wrapper align_none\"><a class=\"w-btn us-btn-style_2 underline icon_atleft\" title=\"Service de dessin CAD\" href=\"https:\/\/machinagegagne.ca\/es\/servicios\/dibujo-cad\/\"><i class=\"fas fa-long-arrow-right\"><\/i><span class=\"w-btn-label\">M\u00e1s informaci\u00f3n<\/span><\/a><\/div><\/div><\/div><\/div><div class=\"w-separator size_medium\"><\/div><div class=\"g-cols wpb_row via_grid cols_3 laptops-cols_inherit tablets-cols_inherit mobiles-cols_1 valign_top type_default stacking_default\" style=\"--columns-gap:3rem;\"><div class=\"wpb_column vc_column_container\"><div class=\"vc_column-inner\"><div class=\"wpb_text_column\"><div class=\"wpb_wrapper\"><h2>Sala de inspecci\u00f3n<\/h2>\n<p>La f\u00e1brica tambi\u00e9n est\u00e1 equipada con una sala limpia para garantizar la inspecci\u00f3n de piezas fabricadas para una calidad excepcional.<\/p>\n<\/div><\/div><\/div><\/div><div class=\"wpb_column vc_column_container\"><div class=\"vc_column-inner\"><\/div><\/div><div class=\"wpb_column vc_column_container\"><div class=\"vc_column-inner\"><\/div><\/div><\/div><div class=\"w-separator size_large\"><\/div><\/div><\/div><\/div><\/div><\/section>\n","protected":false},"excerpt":{"rendered":"Servicio de Emergencia \u00a1El servicio 9-1-1, somos nosotros! Nuestro equipo de maquinistas experimentados asegura trabajo profesional, r\u00e1pido y preciso. Tambi\u00e9n ofrecemos servicios de recogida y entrega de su equipo bajo petici\u00f3n. Fabricaci\u00f3n CNC Machinage Gagn\u00e9 tiene experiencia en mecanizado CNC para proyectos de reparaci\u00f3n, fabricaci\u00f3n y prototipos hasta producci\u00f3n en serie. M\u00e1s informaci\u00f3nMoldes por inyecci\u00f3n...","protected":false},"author":1,"featured_media":73166,"parent":0,"menu_order":0,"comment_status":"closed","ping_status":"closed","template":"","meta":{"footnotes":""},"class_list":["post-73167","page","type-page","status-publish","has-post-thumbnail","hentry"],"_links":{"self":[{"href":"https:\/\/machinagegagne.ca\/es\/wp-json\/wp\/v2\/pages\/73167","targetHints":{"allow":["GET"]}}],"collection":[{"href":"https:\/\/machinagegagne.ca\/es\/wp-json\/wp\/v2\/pages"}],"about":[{"href":"https:\/\/machinagegagne.ca\/es\/wp-json\/wp\/v2\/types\/page"}],"author":[{"embeddable":true,"href":"https:\/\/machinagegagne.ca\/es\/wp-json\/wp\/v2\/users\/1"}],"replies":[{"embeddable":true,"href":"https:\/\/machinagegagne.ca\/es\/wp-json\/wp\/v2\/comments?post=73167"}],"version-history":[{"count":5,"href":"https:\/\/machinagegagne.ca\/es\/wp-json\/wp\/v2\/pages\/73167\/revisions"}],"predecessor-version":[{"id":73394,"href":"https:\/\/machinagegagne.ca\/es\/wp-json\/wp\/v2\/pages\/73167\/revisions\/73394"}],"wp:featuredmedia":[{"embeddable":true,"href":"https:\/\/machinagegagne.ca\/es\/wp-json\/wp\/v2\/media\/73166"}],"wp:attachment":[{"href":"https:\/\/machinagegagne.ca\/es\/wp-json\/wp\/v2\/media?parent=73167"}],"curies":[{"name":"wp","href":"https:\/\/api.w.org\/{rel}","templated":true}]}}