{"id":73171,"date":"2025-11-17T09:13:35","date_gmt":"2025-11-17T14:13:35","guid":{"rendered":"https:\/\/machinagegagne.ca\/servicios\/fabricacion-cnc\/"},"modified":"2026-01-14T15:54:51","modified_gmt":"2026-01-14T20:54:51","slug":"fabricacion-cnc","status":"publish","type":"page","link":"https:\/\/machinagegagne.ca\/es\/servicios\/fabricacion-cnc\/","title":{"rendered":"Fabricaci\u00f3n CNC"},"content":{"rendered":"<section class=\"l-section wpb_row bg-tag height_auto\"><div class=\"l-section-h i-cf\"><div class=\"g-cols vc_row via_grid cols_2 laptops-cols_inherit tablets-cols_inherit mobiles-cols_1 valign_top type_boxes reversed stacking_default\"><div class=\"wpb_column vc_column_container\"><div class=\"vc_column-inner\"><div class=\"w-tabs style_default switch_click accordion has_scrolling remove_indents\"><div class=\"w-tabs-sections titles-align_none icon_chevron cpos_right\"><div class=\"w-tabs-section\" id=\"z2c4\"><button class=\"w-tabs-section-header\" aria-controls=\"content-z2c4\" aria-expanded=\"false\"><h3 class=\"w-tabs-section-title\">Presentaci\u00f3n del mecanizado<\/h3><div class=\"w-tabs-section-control\"><\/div><\/button><div  class=\"w-tabs-section-content\" id=\"content-z2c4\"><div class=\"w-tabs-section-content-h i-cf\"><div class=\"wpb_text_column\"><div class=\"wpb_wrapper\"><p>El mecanizado CNC de piezas met\u00e1licas o pl\u00e1sticas, polim\u00e9ricas o compuestas es un proceso de fabricaci\u00f3n automatizado que se ha modernizado a lo largo de los a\u00f1os. Las t\u00e9cnicas utilizadas requieren, en particular, la intervenci\u00f3n de <strong>ordenadores<\/strong>. Estos se utilizan esencialmente para enviar \u00f3rdenes digitales mediante calculadoras a las m\u00e1quinas herramienta. En este proceso, la ausencia de moldes permite reducir los costes y los tiempos de producci\u00f3n. Este m\u00e9todo tambi\u00e9n permite obtener piezas extremadamente precisas con excelentes <strong>propiedades f\u00edsicas<\/strong>.<\/p>\n<\/div><\/div><\/div><\/div><\/div><div class=\"w-tabs-section\" id=\"e3f4\"><button class=\"w-tabs-section-header\" aria-controls=\"content-e3f4\" aria-expanded=\"false\"><h3 class=\"w-tabs-section-title\">\u00bfQu\u00e9 es el mecanizado CNC?<\/h3><div class=\"w-tabs-section-control\"><\/div><\/button><div  class=\"w-tabs-section-content\" id=\"content-e3f4\"><div class=\"w-tabs-section-content-h i-cf\"><div class=\"wpb_text_column\"><div class=\"wpb_wrapper\"><p>El mecanizado CNC consiste en producir piezas eliminando primero material en masa mediante <strong>herramientas de corte<\/strong>. Estas herramientas incluyen fresadoras y torres. Cuando la m\u00e1quina herramienta utilizada es una fresadora, este proceso se denomina fresado CNC. En el departamento de fresado, Machinage Gagn\u00e9 posee torres de 3, 4 y 5 ejes.   <\/p>\n<p>Sin embargo, cuando se trata de trucos, hablamos de filmaci\u00f3n CNC. Estas m\u00e1quinas permiten mover la herramienta de corte a lo largo de un eje determinado. El control digital permite fabricar objetos con diversas formas, al tiempo que se integran <g id=\"gid_0\">nuevas tecnolog\u00edas de mecanizado<\/g>. En su departamento de filmaci\u00f3n, por ejemplo, Machinage Gagne utiliza herramientas en vivo.   <\/p>\n<p>De hecho, la funci\u00f3n de mecanizado viene determinada por un programa que env\u00eda un <strong>archivo 3D<\/strong> al ordenador. Estas instrucciones permiten definir los ejes de rotaci\u00f3n de la fresadora y las torres para tallar el objeto y obtener la forma deseada. En otras palabras, es este programa el que controla el movimiento de las herramientas sobre la masa a mecanizar. Sin embargo, este m\u00e9todo no se recomienda para <strong>producciones<\/strong> a mediana y gran escala.<\/p>\n<\/div><\/div><\/div><\/div><\/div><div class=\"w-tabs-section\" id=\"i501\"><button class=\"w-tabs-section-header\" aria-controls=\"content-i501\" aria-expanded=\"false\"><h3 class=\"w-tabs-section-title\">La evoluci\u00f3n del mecanizado CNC a lo largo del tiempo<\/h3><div class=\"w-tabs-section-control\"><\/div><\/button><div  class=\"w-tabs-section-content\" id=\"content-i501\"><div class=\"w-tabs-section-content-h i-cf\"><div class=\"wpb_text_column\"><div class=\"wpb_wrapper\"><p>Las t\u00e9cnicas de mecanizado aparecieron en los siglos XVII y XVIII. En aquella \u00e9poca, las m\u00e1quinas eran <strong>mec\u00e1nicas<\/strong> y se utilizaban con t\u00e9cnicas artesanales. La automatizaci\u00f3n de estas m\u00e1quinas surgi\u00f3 durante la Guerra Fr\u00eda con m\u00e9todos controlados por ordenador. En 1952 naci\u00f3 la primera calculadora controlada digitalmente. Desde entonces, las fresadoras han evolucionado a un <strong>ritmo impresionante<\/strong>.<\/p>\n<\/div><\/div><\/div><\/div><\/div><div class=\"w-tabs-section\" id=\"s629\"><button class=\"w-tabs-section-header\" aria-controls=\"content-s629\" aria-expanded=\"false\"><h3 class=\"w-tabs-section-title\">Usos pr\u00e1cticos<\/h3><div class=\"w-tabs-section-control\"><\/div><\/button><div  class=\"w-tabs-section-content\" id=\"content-s629\"><div class=\"w-tabs-section-content-h i-cf\"><div class=\"wpb_text_column\"><div class=\"wpb_wrapper\"><p>El mecanizado CNC es un m\u00e9todo de fabricaci\u00f3n de alta precisi\u00f3n utilizado en muchos <strong>sectores industriales<\/strong>. En la pr\u00e1ctica, la tecnolog\u00eda CNC se utiliza en varias industrias, incluyendo el transporte, la energ\u00eda hidroel\u00e9ctrica, la alimentaci\u00f3n, la seguridad y los equipos m\u00e9dicos. <\/p>\n<p>En la industria del transporte, los servicios de mecanizado CNC se utilizan para fabricar piezas a medida, como piezas de autom\u00f3viles o veh\u00edculos recreativos. Estas piezas se fabrican utilizando m\u00e9todos de fresado y filmaci\u00f3n CNC. Adem\u00e1s, la industria aeroespacial tambi\u00e9n utiliza el mecanizado CNC para obtener piezas mecanizadas con excelentes propiedades f\u00edsicas.  <\/p>\n<p>Adem\u00e1s, el uso de esta tecnolog\u00eda es eficaz en muchas otras \u00e1reas para obtener <strong>piezas personalizadas<\/strong>. El mecanizado fabricado produce piezas a medida, prototipos y copias \u00fanicas para todas estas industrias. Para la <strong>fabricaci\u00f3n de cajas<\/strong> y determinados materiales el\u00e9ctricos, esta t\u00e9cnica tambi\u00e9n es de gran eficacia.  <\/p>\n<p>Sea cual sea su industria, Machinage Gagn\u00e9 le proporciona el <strong>apoyo necesario<\/strong> para una experiencia \u00f3ptima de mecanizado CNC. Esto incluye garantizar el cumplimiento de los requisitos del cliente. Cada vez m\u00e1s clientes se decantan por proveedores que pueden comprobar las piezas desde el principio hasta el final de la producci\u00f3n para garantizar la coherencia, la precisi\u00f3n y la calidad de los productos entregados. Recientemente hemos invertido m\u00e1s de 350 000 d\u00f3lares en equipos de verificaci\u00f3n de piezas de \u00faltima generaci\u00f3n.<\/p>\n<\/div><\/div><\/div><\/div><\/div><div class=\"w-tabs-section\" id=\"a759\"><button class=\"w-tabs-section-header\" aria-controls=\"content-a759\" aria-expanded=\"false\"><h3 class=\"w-tabs-section-title\">Mejore su experiencia en el mecanizado CNC con una empresa especializada<\/h3><div class=\"w-tabs-section-control\"><\/div><\/button><div  class=\"w-tabs-section-content\" id=\"content-a759\"><div class=\"w-tabs-section-content-h i-cf\"><div class=\"wpb_text_column\"><div class=\"wpb_wrapper\"><p>Para tener m\u00e1s \u00e9xito en los <strong>m\u00e9todos CNC<\/strong> y lograr resultados \u00f3ptimos, es importante recurrir a personas cualificadas. Con nuestros servicios, tiene la garant\u00eda de beneficiarse de un equipo eficiente y \u00f3ptimo para el mecanizado. Adem\u00e1s, Machinage Gagn\u00e9 ofrece un excelente servicio de atenci\u00f3n al cliente para resolver cualquiera de sus inquietudes. Esta empresa, que presta servicios en varias ciudades, entre ellas Montreal, Longueuil, St-Hubert, Boucherville y la costa sur de Montreal, ofrece excelentes garant\u00edas y entregas r\u00e1pidas. As\u00ed, con nuestro equipo altamente calificado, usted se beneficia de servicios de reparaci\u00f3n, fabricaci\u00f3n y producci\u00f3n de series peque\u00f1as, medianas y grandes.    <\/p>\n<p>Adem\u00e1s, ofrecemos servicios de mantenimiento y reparaci\u00f3n en <strong>centros de mecanizado CNC<\/strong>. Por otro lado, puede aprovechar soluciones a la medida para todas sus necesidades de fabricaci\u00f3n y producci\u00f3n de piezas en el mecanizado de alta gama. Tambi\u00e9n ofrecemos servicios de emergencia cuando necesita los servicios de un maquinista experimentado en un plazo de tiempo reducido. En caso de aver\u00edas, nuestro equipo proporciona <strong>un trabajo r\u00e1pido<\/strong> y de calidad.   <\/p>\n<p>Adem\u00e1s, con <strong>Machinage Gagn\u00e9<\/strong>, tambi\u00e9n puede disfrutar de un servicio completo para moldes de inyecci\u00f3n. Para <strong>trabajos residuales o industriales<\/strong>, Machinage Gagn\u00e9 le acompa\u00f1a y le ofrece excelentes garant\u00edas de calidad y resultados. Nuestro equipo de profesionales est\u00e1 disponible, atento y cualificado para satisfacer todas sus necesidades. Los servicios ofrecidos incluyen engranajes, soldadura, <strong>sala de inspecci\u00f3n<\/strong>, electroerosi\u00f3n, dise\u00f1o CAD y afilado.   <\/p>\n<p>Adem\u00e1s, nuestra empresa especializada en mecanizado de alta precisi\u00f3n acaba de renovar por segundo a\u00f1o consecutivo su certificaci\u00f3n ISO 9001, versi\u00f3n 2015.<\/p>\n<\/div><\/div><\/div><\/div><\/div><div class=\"w-tabs-section\" id=\"u871\"><button class=\"w-tabs-section-header\" aria-controls=\"content-u871\" aria-expanded=\"false\"><h3 class=\"w-tabs-section-title\">Caracter\u00edsticas a tener en cuenta para el trabajo de mecanizado CNC<\/h3><div class=\"w-tabs-section-control\"><\/div><\/button><div  class=\"w-tabs-section-content\" id=\"content-u871\"><div class=\"w-tabs-section-content-h i-cf\"><div class=\"wpb_text_column\"><div class=\"wpb_wrapper\"><p>Para tener \u00e9xito en el trabajo relacionado con el <strong>mecanizado CNC<\/strong>, es esencial que cada una de las herramientas utilizadas sea de calidad. El mecanizado tiene en cuenta elementos como la composici\u00f3n del material, su resistencia a la rotura y su capacidad para disipar el calor. As\u00ed, los materiales utilizados pueden ser <strong>acero inoxidable<\/strong>, aluminio o aleaciones no ferrosas, o bien lat\u00f3n, bronce, cobre, nylon y <em>fen\u00f3lico<\/em>.  <\/p>\n<p>Las h<strong>erramientas de corte<\/strong> se caracterizan por su anchura y profundidad, que desempe\u00f1an un papel decisivo en el moldeado deseado para la pieza. La <strong>velocidad y el avance de corte<\/strong>, as\u00ed como los recubrimientos de las herramientas, tambi\u00e9n son elementos esenciales a tener en cuenta. <\/p>\n<p>Adem\u00e1s, la etapa de taladrado es importante y resulta complicada cuando se trata de <strong>agujeros profundos<\/strong>. Asimismo, existen varias opciones para gestionar los \u00e1ngulos agudos. Cada proveedor utiliza m\u00e9todos espec\u00edficos para garantizar que la calidad y el <strong>aspecto de los productos<\/strong> cumplan con las tolerancias. Adem\u00e1s, nuestro taller se especializa en la fabricaci\u00f3n de piezas peque\u00f1as, as\u00ed como en la fabricaci\u00f3n de piezas a gran escala. Con nosotros, tiene la garant\u00eda de disfrutar de la mejor calidad y un servicio excepcional.<\/p>\n<\/div><\/div><\/div><\/div><\/div><\/div><\/div><\/div><\/div><div class=\"wpb_column vc_column_container us_custom_058c3d94 has_text_color stretched\"><div class=\"vc_column-overlay\" style=\"background:var(--color-header-middle-text)\"><\/div><div class=\"vc_column-inner\"><div class=\"w-btn-wrapper align_none\"><a class=\"w-btn us-btn-style_2 underline icon_atleft\" href=\"https:\/\/machinagegagne.ca\/es\/servicios\/\"><i class=\"fas fa-long-arrow-left\"><\/i><span class=\"w-btn-label\">Volver a servicios<\/span><\/a><\/div><div class=\"wpb_text_column\"><div class=\"wpb_wrapper\"><p>El mecanizado CNC es una tecnolog\u00eda de fabricaci\u00f3n digital que se utiliza en la mayor\u00eda de los <strong>sectores industriales<\/strong> y en muchas otras industrias. Entre otras cosas, esta tecnolog\u00eda se utiliza para la fabricaci\u00f3n de prototipos y la producci\u00f3n de grandes cantidades de piezas met\u00e1licas y pl\u00e1sticas. De hecho, estas piezas tienen una construcci\u00f3n impecable gracias a la precisi\u00f3n de las herramientas utilizadas. Para garantizar la mejor experiencia en el trabajo de mecanizado CNC, es necesario tratar con una empresa especializada en mecanizado de alta precisi\u00f3n que pueda garantizar la calidad de los productos entregados.   <\/p>\n<p>Con nuestra empresa, usted se beneficia de todas estas garant\u00edas. De hecho, <strong>Machinage Gagn\u00e9<\/strong> ofrece soluciones \u00f3ptimas para una mejor experiencia de <strong>mecanizado CNC<\/strong>.<\/p>\n<\/div><\/div><div class=\"w-btn-wrapper align_none\"><a class=\"w-btn us-btn-style_2 underline icon_atleft\" href=\"https:\/\/machinagegagne.ca\/es\/presupuesto\/\"><i class=\"fas fa-long-arrow-right\"><\/i><span class=\"w-btn-label\">Solicitud de presupuesto<\/span><\/a><\/div><\/div><\/div><\/div><\/div><\/section>\n","protected":false},"excerpt":{"rendered":"Presentaci\u00f3n del mecanizadoEl mecanizado CNC de piezas met\u00e1licas o pl\u00e1sticas, polim\u00e9ricas o compuestas es un proceso de fabricaci\u00f3n automatizado que se ha modernizado a lo largo de los a\u00f1os. Las t\u00e9cnicas utilizadas requieren, en particular, la intervenci\u00f3n de ordenadores. Estos se utilizan esencialmente para enviar \u00f3rdenes digitales mediante calculadoras a las m\u00e1quinas herramienta. En este...","protected":false},"author":1,"featured_media":73170,"parent":73167,"menu_order":0,"comment_status":"closed","ping_status":"closed","template":"","meta":{"footnotes":""},"class_list":["post-73171","page","type-page","status-publish","has-post-thumbnail","hentry"],"_links":{"self":[{"href":"https:\/\/machinagegagne.ca\/es\/wp-json\/wp\/v2\/pages\/73171","targetHints":{"allow":["GET"]}}],"collection":[{"href":"https:\/\/machinagegagne.ca\/es\/wp-json\/wp\/v2\/pages"}],"about":[{"href":"https:\/\/machinagegagne.ca\/es\/wp-json\/wp\/v2\/types\/page"}],"author":[{"embeddable":true,"href":"https:\/\/machinagegagne.ca\/es\/wp-json\/wp\/v2\/users\/1"}],"replies":[{"embeddable":true,"href":"https:\/\/machinagegagne.ca\/es\/wp-json\/wp\/v2\/comments?post=73171"}],"version-history":[{"count":5,"href":"https:\/\/machinagegagne.ca\/es\/wp-json\/wp\/v2\/pages\/73171\/revisions"}],"predecessor-version":[{"id":73585,"href":"https:\/\/machinagegagne.ca\/es\/wp-json\/wp\/v2\/pages\/73171\/revisions\/73585"}],"up":[{"embeddable":true,"href":"https:\/\/machinagegagne.ca\/es\/wp-json\/wp\/v2\/pages\/73167"}],"wp:featuredmedia":[{"embeddable":true,"href":"https:\/\/machinagegagne.ca\/es\/wp-json\/wp\/v2\/media\/73170"}],"wp:attachment":[{"href":"https:\/\/machinagegagne.ca\/es\/wp-json\/wp\/v2\/media?parent=73171"}],"curies":[{"name":"wp","href":"https:\/\/api.w.org\/{rel}","templated":true}]}}