{"id":73175,"date":"2025-11-17T09:18:12","date_gmt":"2025-11-17T14:18:12","guid":{"rendered":"https:\/\/machinagegagne.ca\/servicios\/engranajes\/"},"modified":"2025-11-18T08:39:11","modified_gmt":"2025-11-18T13:39:11","slug":"engranajes","status":"publish","type":"page","link":"https:\/\/machinagegagne.ca\/es\/servicios\/engranajes\/","title":{"rendered":"Engranajes"},"content":{"rendered":"<section class=\"l-section wpb_row bg-tag height_auto\"><div class=\"l-section-h i-cf\"><div class=\"g-cols vc_row via_grid cols_2 laptops-cols_inherit tablets-cols_inherit mobiles-cols_1 valign_top type_boxes reversed stacking_default\" style=\"--columns-gap:0rem;\"><div class=\"wpb_column vc_column_container\"><div class=\"vc_column-inner\"><div class=\"w-tabs style_default switch_click accordion has_scrolling remove_indents\"><div class=\"w-tabs-sections titles-align_none icon_chevron cpos_right\"><div class=\"w-tabs-section\" id=\"a99b\"><button class=\"w-tabs-section-header\" aria-controls=\"content-a99b\" aria-expanded=\"false\"><h3 class=\"w-tabs-section-title\">Tipos de engranajes<\/h3><div class=\"w-tabs-section-control\"><\/div><\/button><div  class=\"w-tabs-section-content\" id=\"content-a99b\"><div class=\"w-tabs-section-content-h i-cf\"><div class=\"wpb_text_column\"><div class=\"wpb_wrapper\"><h3><\/h3>\n<ul>\n<li>Engranaje recto<\/li>\n<li>Engranaje helicoidal<\/li>\n<li>Engranaje de corona interna<\/li>\n<li>Engranaje de cremallera<\/li>\n<li>Engranaje CP con pi\u00f1\u00f3n y cremallera<\/li>\n<li>Engranaje c\u00f3nico<\/li>\n<li>Engranaje c\u00f3nico<\/li>\n<li>Engranaje de tornillo<\/li>\n<li>Engranaje de tornillo sin fin<\/li>\n<li>Engranaje de retorno angular<\/li>\n<li>Acoplamiento de dientes<\/li>\n<li>\u00c1rbol estriado<\/li>\n<li>Engranaje oscilante<\/li>\n<li>Productos relacionados con engranajes<\/li>\n<\/ul>\n<\/div><\/div><\/div><\/div><\/div><\/div><\/div><\/div><\/div><div class=\"wpb_column vc_column_container us_custom_058c3d94 has_text_color stretched\"><div class=\"vc_column-overlay\" style=\"background:var(--color-header-middle-text)\"><\/div><div class=\"vc_column-inner\"><div class=\"w-btn-wrapper align_none\"><a class=\"w-btn us-btn-style_2 underline icon_atleft\" href=\"https:\/\/machinagegagne.ca\/es\/servicios\/\"><i class=\"fas fa-long-arrow-left\"><\/i><span class=\"w-btn-label\">Volver a servicios<\/span><\/a><\/div><div class=\"wpb_text_column\"><div class=\"wpb_wrapper\"><p>Machinage Gagn\u00e9 le ofrece aproximadamente <strong>175 tipos de engranajes, en aproximadamente 15,000 combinaciones diferentes<\/strong>.<\/p>\n<p>Nuestra gama de productos incluye engranajes cil\u00edndricos m\u00e9tricos, helicoidales, corona interna, cremallera, cremallera y pi\u00f1\u00f3n CP, c\u00f3nicos, tornillo, tornillo sin fin, retorno angular, acoplamiento de dientes, \u00e1rbol estriado, oscilante y productos de engranajes.<\/p>\n<p>Estos productos est\u00e1n <strong>disponibles en una variedad de materiales<\/strong> que incluyen acero aleado, acero al carbono, acero inoxidable, bronce de aluminio, hierro fundido, nylon, acetal y bronce fundido.<\/p>\n<\/div><\/div><div class=\"w-btn-wrapper align_none\"><a class=\"w-btn us-btn-style_2 underline icon_atleft\" href=\"https:\/\/machinagegagne.ca\/es\/presupuesto\/\"><i class=\"fas fa-long-arrow-right\"><\/i><span class=\"w-btn-label\">Solicitud de presupuesto<\/span><\/a><\/div><\/div><\/div><\/div><\/div><\/section>\n","protected":false},"excerpt":{"rendered":"Tipos de engranajes Engranaje recto Engranaje helicoidal Engranaje de corona interna Engranaje de cremallera Engranaje CP con pi\u00f1\u00f3n y cremallera Engranaje c\u00f3nico Engranaje c\u00f3nico Engranaje de tornillo Engranaje de tornillo sin fin Engranaje de retorno angular Acoplamiento de dientes \u00c1rbol estriado Engranaje oscilante Productos relacionados con engranajes Volver a serviciosMachinage Gagn\u00e9 le ofrece aproximadamente 175...","protected":false},"author":1,"featured_media":73174,"parent":73167,"menu_order":0,"comment_status":"closed","ping_status":"closed","template":"","meta":{"footnotes":""},"class_list":["post-73175","page","type-page","status-publish","has-post-thumbnail","hentry"],"_links":{"self":[{"href":"https:\/\/machinagegagne.ca\/es\/wp-json\/wp\/v2\/pages\/73175","targetHints":{"allow":["GET"]}}],"collection":[{"href":"https:\/\/machinagegagne.ca\/es\/wp-json\/wp\/v2\/pages"}],"about":[{"href":"https:\/\/machinagegagne.ca\/es\/wp-json\/wp\/v2\/types\/page"}],"author":[{"embeddable":true,"href":"https:\/\/machinagegagne.ca\/es\/wp-json\/wp\/v2\/users\/1"}],"replies":[{"embeddable":true,"href":"https:\/\/machinagegagne.ca\/es\/wp-json\/wp\/v2\/comments?post=73175"}],"version-history":[{"count":5,"href":"https:\/\/machinagegagne.ca\/es\/wp-json\/wp\/v2\/pages\/73175\/revisions"}],"predecessor-version":[{"id":73382,"href":"https:\/\/machinagegagne.ca\/es\/wp-json\/wp\/v2\/pages\/73175\/revisions\/73382"}],"up":[{"embeddable":true,"href":"https:\/\/machinagegagne.ca\/es\/wp-json\/wp\/v2\/pages\/73167"}],"wp:featuredmedia":[{"embeddable":true,"href":"https:\/\/machinagegagne.ca\/es\/wp-json\/wp\/v2\/media\/73174"}],"wp:attachment":[{"href":"https:\/\/machinagegagne.ca\/es\/wp-json\/wp\/v2\/media?parent=73175"}],"curies":[{"name":"wp","href":"https:\/\/api.w.org\/{rel}","templated":true}]}}