{"id":73179,"date":"2025-11-17T09:25:08","date_gmt":"2025-11-17T14:25:08","guid":{"rendered":"https:\/\/machinagegagne.ca\/servicios\/dessin-cad\/"},"modified":"2026-01-14T16:29:33","modified_gmt":"2026-01-14T21:29:33","slug":"dibujo-cad","status":"publish","type":"page","link":"https:\/\/machinagegagne.ca\/es\/servicios\/dibujo-cad\/","title":{"rendered":"Dibujo CAD"},"content":{"rendered":"<section class=\"l-section wpb_row bg-tag height_auto\"><div class=\"l-section-h i-cf\"><div class=\"g-cols vc_row via_grid cols_2 laptops-cols_inherit tablets-cols_inherit mobiles-cols_1 valign_top type_boxes reversed stacking_default\" style=\"--columns-gap:0rem;\"><div class=\"wpb_column vc_column_container\"><div class=\"vc_column-inner\"><div class=\"w-tabs style_default switch_click accordion has_scrolling remove_indents\"><div class=\"w-tabs-sections titles-align_none icon_chevron cpos_right\"><div class=\"w-tabs-section\" id=\"o9b5\"><button class=\"w-tabs-section-header\" aria-controls=\"content-o9b5\" aria-expanded=\"false\"><h3 class=\"w-tabs-section-title\">Dibujo CAD, \u00bfpor qu\u00e9 elegirnos?<\/h3><div class=\"w-tabs-section-control\"><\/div><\/button><div  class=\"w-tabs-section-content\" id=\"content-o9b5\"><div class=\"w-tabs-section-content-h i-cf\"><div class=\"wpb_text_column\"><div class=\"wpb_wrapper\"><p>Desde 1939, Machinage Gagn\u00e9 se ha especializado en la fabricaci\u00f3n de piezas especializadas. Reconocidos por el profesionalismo y la rapidez de nuestro trabajo, nos esforzamos constantemente por mejorar nuestros servicios. En dise\u00f1o CAD 2D y 3D, satisfacemos las necesidades de varias industrias con calidad, precisi\u00f3n, rigor y meticulosidad.<\/p>\n<\/div><\/div><\/div><\/div><\/div><div class=\"w-tabs-section\" id=\"eb2c\"><button class=\"w-tabs-section-header\" aria-controls=\"content-eb2c\" aria-expanded=\"false\"><h3 class=\"w-tabs-section-title\">Servicios de dibujo CAD en 2D y 3D con SolidWorks en Machinage Gagn\u00e9<\/h3><div class=\"w-tabs-section-control\"><\/div><\/button><div  class=\"w-tabs-section-content\" id=\"content-eb2c\"><div class=\"w-tabs-section-content-h i-cf\"><div class=\"wpb_text_column\"><div class=\"wpb_wrapper\"><p>Ya sea mec\u00e1nico o geom\u00e9trico, Machinage Gagn\u00e9 le permite simular y predecir r\u00e1pida y f\u00e1cilmente el comportamiento real de sus piezas antes de que se fabriquen. <\/p>\n<p>Usando el <strong>software SolidWorks<\/strong>, Machinage Gagn\u00e9 crea un plan del producto a fabricar. Permite crear un modelado num\u00e9rico de la pieza y realizar pruebas virtuales en esta pieza para asegurarse de que funciona correctamente en el ensamblaje donde se utilizar\u00e1.  <\/p>\n<p>Por ejemplo, para restaurar un molde de inyecci\u00f3n, soldar una pieza o cortar un objeto o engranaje, Machinage Gagn\u00e9 realiza una simulaci\u00f3n mec\u00e1nica y un c\u00e1lculo de materiales, que crea un modelo impecable.<\/p>\n<p>Los diversos componentes del dise\u00f1o CAD son: modelado digital, simulaci\u00f3n mec\u00e1nica y c\u00e1lculo de materiales, representaci\u00f3n gr\u00e1fica, dibujo de planos, manipulaci\u00f3n de objetos 3D, gesti\u00f3n de grandes ensamblajes. El software SolidWorks permite fabricar la pieza en tiempo real, pero de manera virtual. Le permite rotar la pieza para presentar diferentes vistas ISO.   <\/p>\n<p>Los diversos componentes del dise\u00f1o CAD son:<\/p>\n<ul>\n<li>modelado digital<\/li>\n<li>simulaci\u00f3n mec\u00e1nica y c\u00e1lculo de materiales<\/li>\n<li>representaci\u00f3n gr\u00e1fica<\/li>\n<li>dibujo de planos<\/li>\n<li>manipulaci\u00f3n de objetos 3D<\/li>\n<li>gesti\u00f3n de grandes ensamblajes<\/li>\n<\/ul>\n<\/div><\/div><\/div><\/div><\/div><div class=\"w-tabs-section\" id=\"oc70\"><button class=\"w-tabs-section-header\" aria-controls=\"content-oc70\" aria-expanded=\"false\"><h3 class=\"w-tabs-section-title\">Ventajas del dibujo CAD en 2D y 3D con SolidWorks en Machinage<\/h3><div class=\"w-tabs-section-control\"><\/div><\/button><div  class=\"w-tabs-section-content\" id=\"content-oc70\"><div class=\"w-tabs-section-content-h i-cf\"><div class=\"wpb_text_column\"><div class=\"wpb_wrapper\"><p>La producci\u00f3n de dibujos CAD en 2D y 3D por parte de Machinage Gagn\u00e9 se basa en el software SolidWorks, que ofrece un modelado completo. El software ofrece una amplia gama de posibilidades y facilita el retoque de un modelo ascendiendo por el eje de dise\u00f1o. Esto garantiza un an\u00e1lisis minucioso del producto.  <\/p>\n<p>Del mismo modo, con Machinage Gagn\u00e9, puede estar seguro de que la fabricaci\u00f3n se realizar\u00e1 a medida, en funci\u00f3n de sus necesidades, sobre todo porque tiene la oportunidad de revisar todo el proceso. A diferencia de otros programas totalmente automatizados, el software SolidWorks permite fabricar la pieza en tiempo real, pero de forma virtual. Permite girar la pieza para presentar diferentes vistas ISO.  <\/p>\n<p>Adem\u00e1s de la ventaja \u00fanica de SolidWorks para crear planos de una precisi\u00f3n sin igual, este software convierte el dise\u00f1o al formato deseado. Por ejemplo, es posible pasar de un plano 2D a un plano 3D. Esta opci\u00f3n permite al fabricante definir los contornos de su producto seg\u00fan sus necesidades y las especificaciones est\u00e9ticas del mismo. SolidWorks tambi\u00e9n ofrece una funci\u00f3n de manipulaci\u00f3n de objetos 3D, que permite visualizar el dise\u00f1o del producto de forma real o casi real. A todas estas ventajas se suma la correcci\u00f3n de problemas mediante herramientas integradas en SolidWorks.    <\/p>\n<p>Adem\u00e1s, con el fin de satisfacer las necesidades m\u00e1s exigentes de sus clientes, el equipo especializado de Machinage Gagn\u00e9 ofrece a los clientes una asistencia sin igual con una profesionalidad incomparable. Por ejemplo, la empresa cuenta con una sala de inspecci\u00f3n, donde los productos o piezas fabricados se someten a rigurosas inspecciones para garantizar que satisfagan las expectativas de los clientes. De hecho, Machinage Gagn\u00e9 cuenta con m\u00e1quinas CMM (m\u00e1quinas de medici\u00f3n por coordenadas o <em>m\u00e1quinas de medici\u00f3n por coordenadas<\/em>), que pueden verificar que las piezas cumplen con las especificaciones definidas. De hecho, nuestra empresa cuenta con la certificaci\u00f3n ISO 9001:2015 desde hace 3 a\u00f1os, lo que demuestra la importancia que damos a la mejora continua y la precisi\u00f3n.   <\/p>\n<p>El equipo de Machinage Gagn\u00e9 ofrece un servicio excepcional, preciso y r\u00e1pido. Adem\u00e1s del dibujo CAD en 2D y 3D con SolidWorks, el equipo de la empresa recoge y entrega todo tipo de piezas bajo demanda, adem\u00e1s de mecanizar una amplia variedad de piezas.<\/p>\n<\/div><\/div><\/div><\/div><\/div><div class=\"w-tabs-section\" id=\"jd68\"><button class=\"w-tabs-section-header\" aria-controls=\"content-jd68\" aria-expanded=\"false\"><h3 class=\"w-tabs-section-title\">Territorio atendido por Machinage Gagn\u00e9<\/h3><div class=\"w-tabs-section-control\"><\/div><\/button><div  class=\"w-tabs-section-content\" id=\"content-jd68\"><div class=\"w-tabs-section-content-h i-cf\"><div class=\"wpb_text_column\"><div class=\"wpb_wrapper\"><p>Machinage Gagn\u00e9 tiene dos ubicaciones en Granby: su sede, en 790 Blvd. Industrial, y en 609 Blvd. St. Lawrence; sus dos instalaciones son de 40,000 pies cuadrados. Dada su ubicaci\u00f3n, la empresa atiende las ciudades y regiones de Montreal, la Costa Sur, Longueuil, Boucherville y Saint-Hubert.<\/p>\n<\/div><\/div><\/div><\/div><\/div><div class=\"w-tabs-section\" id=\"me77\"><button class=\"w-tabs-section-header\" aria-controls=\"content-me77\" aria-expanded=\"false\"><h3 class=\"w-tabs-section-title\">\u00bfQui\u00e9n puede beneficiarse de los servicios de dibujo CAD de Machinage Gagn\u00e9?<\/h3><div class=\"w-tabs-section-control\"><\/div><\/button><div  class=\"w-tabs-section-content\" id=\"content-me77\"><div class=\"w-tabs-section-content-h i-cf\"><div class=\"wpb_text_column\"><div class=\"wpb_wrapper\"><p>Tanto si es gerente de una peque\u00f1a, mediana o gran empresa industrial, Machinage Gagn\u00e9 tiene la capacidad de satisfacer sus necesidades de producci\u00f3n de cualquier tama\u00f1o. Nuestros especialistas en mecanizado, expertos en dibujo CAD, le acompa\u00f1an en la fabricaci\u00f3n y las pruebas virtuales de sus productos. Sus competencias abarcan muchos \u00e1mbitos, como la fabricaci\u00f3n de moldes de inyecci\u00f3n, el mecanizado CNC, el engranaje, la soldadura y el afilado.  <\/p>\n<p>Manufacturing Gagn\u00e9 es capaz de llevar a cabo de forma r\u00e1pida y meticulosa cualquier actividad de fabricaci\u00f3n de piezas en los \u00e1mbitos industrial y mec\u00e1nico. La fabricaci\u00f3n de piezas es el \u00e1mbito de elecci\u00f3n de nuestro taller de mecanizado. Las plantas de piezas para veh\u00edculos recreativos, transporte, telecomunicaciones y seguridad son ejemplos de clientes para los que nuestros servicios pueden ser ventajosos.  <\/p>\n<p>Si se encuentra en el territorio que atendemos y nuestros servicios pueden serle \u00fatiles, p\u00f3ngase en contacto con nosotros. Estaremos encantados de ayudarle a que su proyecto sea un \u00e9xito.<\/p>\n<\/div><\/div><\/div><\/div><\/div><\/div><\/div><div class=\"wpb_text_column\"><div class=\"wpb_wrapper\"><\/div><\/div><\/div><\/div><div class=\"wpb_column vc_column_container us_custom_058c3d94 has_text_color stretched\"><div class=\"vc_column-overlay\" style=\"background:var(--color-header-middle-text)\"><\/div><div class=\"vc_column-inner\"><div class=\"w-btn-wrapper align_none\"><a class=\"w-btn us-btn-style_2 underline icon_atleft\" href=\"https:\/\/machinagegagne.ca\/es\/servicios\/\"><i class=\"fas fa-long-arrow-left\"><\/i><span class=\"w-btn-label\">Volver a servicios<\/span><\/a><\/div><div class=\"wpb_text_column\"><div class=\"wpb_wrapper\"><p><strong>Con la llegada de la impresi\u00f3n 3D, cada vez m\u00e1s personas se interesan por el modelado 3D. Este tipo de dise\u00f1o es simplemente revolucionario para las empresas manufactureras. La t\u00e9cnica asociada al modelado 3D se denomina <em>dise\u00f1o asistido por computadora<\/em> o <em>CAD<\/em> y proporciona una \u00abvista real\u00bb de un objeto antes de su fabricaci\u00f3n.  <\/strong><\/p>\n<p>Para satisfacer adecuadamente las necesidades de las empresas manufactureras especializadas, el taller mec\u00e1nico Machinage Gagn\u00e9 ofrece servicios de dise\u00f1o CAD\/CAO. Esta t\u00e9cnica evita las imperfecciones y los tr\u00e1mites burocr\u00e1ticos de los dibujos a escala. \u00bfQuiere fabricar sus piezas mediante dibujo CAD? \u00a1Machinage Gagn\u00e9 es la empresa que necesita!<\/p>\n<\/div><\/div><div class=\"w-btn-wrapper align_none\"><a class=\"w-btn us-btn-style_2 underline icon_atleft\" href=\"https:\/\/machinagegagne.ca\/es\/presupuesto\/\"><i class=\"fas fa-long-arrow-right\"><\/i><span class=\"w-btn-label\">Solicitud de cotizaci\u00f3n<\/span><\/a><\/div><\/div><\/div><\/div><\/div><\/section>\n","protected":false},"excerpt":{"rendered":"Dibujo CAD, \u00bfpor qu\u00e9 elegirnos?Desde 1939, Machinage Gagn\u00e9 se ha especializado en la fabricaci\u00f3n de piezas especializadas. Reconocidos por el profesionalismo y la rapidez de nuestro trabajo, nos esforzamos constantemente por mejorar nuestros servicios. En dise\u00f1o CAD 2D y 3D, satisfacemos las necesidades de varias industrias con calidad, precisi\u00f3n, rigor y meticulosidad. Servicios de dibujo...","protected":false},"author":1,"featured_media":73178,"parent":73167,"menu_order":0,"comment_status":"closed","ping_status":"closed","template":"","meta":{"footnotes":""},"class_list":["post-73179","page","type-page","status-publish","has-post-thumbnail","hentry"],"_links":{"self":[{"href":"https:\/\/machinagegagne.ca\/es\/wp-json\/wp\/v2\/pages\/73179","targetHints":{"allow":["GET"]}}],"collection":[{"href":"https:\/\/machinagegagne.ca\/es\/wp-json\/wp\/v2\/pages"}],"about":[{"href":"https:\/\/machinagegagne.ca\/es\/wp-json\/wp\/v2\/types\/page"}],"author":[{"embeddable":true,"href":"https:\/\/machinagegagne.ca\/es\/wp-json\/wp\/v2\/users\/1"}],"replies":[{"embeddable":true,"href":"https:\/\/machinagegagne.ca\/es\/wp-json\/wp\/v2\/comments?post=73179"}],"version-history":[{"count":5,"href":"https:\/\/machinagegagne.ca\/es\/wp-json\/wp\/v2\/pages\/73179\/revisions"}],"predecessor-version":[{"id":73628,"href":"https:\/\/machinagegagne.ca\/es\/wp-json\/wp\/v2\/pages\/73179\/revisions\/73628"}],"up":[{"embeddable":true,"href":"https:\/\/machinagegagne.ca\/es\/wp-json\/wp\/v2\/pages\/73167"}],"wp:featuredmedia":[{"embeddable":true,"href":"https:\/\/machinagegagne.ca\/es\/wp-json\/wp\/v2\/media\/73178"}],"wp:attachment":[{"href":"https:\/\/machinagegagne.ca\/es\/wp-json\/wp\/v2\/media?parent=73179"}],"curies":[{"name":"wp","href":"https:\/\/api.w.org\/{rel}","templated":true}]}}