{"id":73183,"date":"2025-11-17T09:28:42","date_gmt":"2025-11-17T14:28:42","guid":{"rendered":"https:\/\/machinagegagne.ca\/servicios\/moules-dinjection\/"},"modified":"2026-01-15T08:08:57","modified_gmt":"2026-01-15T13:08:57","slug":"moldes-por-inyeccion","status":"publish","type":"page","link":"https:\/\/machinagegagne.ca\/es\/servicios\/moldes-por-inyeccion\/","title":{"rendered":"Moldes de inyecci\u00f3n"},"content":{"rendered":"<section class=\"l-section wpb_row bg-tag height_auto\"><div class=\"l-section-h i-cf\"><div class=\"g-cols vc_row via_grid cols_2 laptops-cols_inherit tablets-cols_inherit mobiles-cols_1 valign_top type_boxes reversed stacking_default\"><div class=\"wpb_column vc_column_container\"><div class=\"vc_column-inner\"><div class=\"w-tabs style_default switch_click accordion has_scrolling remove_indents\"><div class=\"w-tabs-sections titles-align_none icon_chevron cpos_right\"><div class=\"w-tabs-section\" id=\"hfe6\"><button class=\"w-tabs-section-header\" aria-controls=\"content-hfe6\" aria-expanded=\"false\"><h3 class=\"w-tabs-section-title\">\u00bfQu\u00e9 es el moldeo por inyecci\u00f3n?<\/h3><div class=\"w-tabs-section-control\"><\/div><\/button><div  class=\"w-tabs-section-content\" id=\"content-hfe6\"><div class=\"w-tabs-section-content-h i-cf\"><div class=\"wpb_text_column\"><div class=\"wpb_wrapper\"><p>Tambi\u00e9n conocido como \u00abinyecci\u00f3n de pl\u00e1stico\u00bb, el <strong>moldeo por inyecci\u00f3n<\/strong> es un proceso de fabricaci\u00f3n que utiliza materiales termoformables, como la fabricaci\u00f3n de botellas de pl\u00e1stico o piezas de fontaner\u00eda y plomer\u00eda. Estos ejemplos est\u00e1n fabricados esencialmente con materiales termopl\u00e1sticos. Adem\u00e1s, la mayor\u00eda de las piezas termopl\u00e1sticas se fabrican utilizando moldes de inyecci\u00f3n. En la pr\u00e1ctica, el material pl\u00e1stico se ablanda con calor. Durante la fase din\u00e1mica de inyecci\u00f3n, el material fundido se inyecta a alta presi\u00f3n en un molde que tiene una o m\u00e1s cavidades que dan a la pieza la forma deseada. A continuaci\u00f3n, el material se inserta en un molde y se enfr\u00eda.     <\/p>\n<p>Con el tiempo, los moldes utilizados para el moldeo por inyecci\u00f3n necesitan un mecanizado de precisi\u00f3n para recuperar las tolerancias deseadas. Sin esta optimizaci\u00f3n del molde, un defecto, aunque sea de solo una fracci\u00f3n de mil\u00edmetro, puede provocar defectos de producci\u00f3n durante el moldeo por inyecci\u00f3n e incluso interrumpir el proceso de producci\u00f3n. <\/p>\n<p>En Machinage Gagn\u00e9, nuestro equipo profesional y experimentado le ofrece la <strong>asistencia necesaria<\/strong> para ayudarle a optimizar el mantenimiento preventivo, el mantenimiento y la reparaci\u00f3n de sus moldes de inyecci\u00f3n.<\/p>\n<\/div><\/div><\/div><\/div><\/div><div class=\"w-tabs-section\" id=\"o10b\"><button class=\"w-tabs-section-header\" aria-controls=\"content-o10b\" aria-expanded=\"false\"><h3 class=\"w-tabs-section-title\">Moldes de inyecci\u00f3n: los servicios de Machinage Gagn\u00e9<\/h3><div class=\"w-tabs-section-control\"><\/div><\/button><div  class=\"w-tabs-section-content\" id=\"content-o10b\"><div class=\"w-tabs-section-content-h i-cf\"><div class=\"wpb_text_column\"><div class=\"wpb_wrapper\"><p>Para tener \u00e9xito en el proceso de inyecci\u00f3n de pl\u00e1stico, es esencial contar con el equipo adecuado. Lo mismo ocurre con el mantenimiento y la reparaci\u00f3n: son imposibles sin herramientas de precisi\u00f3n, fresadoras CNC, afiladoras, taladros y habilidades como la programaci\u00f3n y el dise\u00f1o asistidos por computadora y la inspecci\u00f3n de control de calidad. <\/p>\n<p>Por eso Machinage Gagn\u00e9 ofrece servicios para <strong>fabricar<\/strong> y <strong>reparar<\/strong> sus moldes de inyecci\u00f3n. De hecho, nuestro servicio de moldes de inyecci\u00f3n ofrece un servicio profesional y completo para la rehabilitaci\u00f3n de sus moldes y herramientas. Gracias a nuestros profesionales, recibir\u00e1 un excelente asesoramiento para aprovechar nuestras <strong>soluciones a la medida<\/strong>, que satisfar\u00e1n todas sus necesidades.  <\/p>\n<p>\u00bfNecesita un servicio de emergencia? No hay problema: Winning Machinage est\u00e1 aqu\u00ed para ayudarle. Gracias a nuestro excelente servicio de emergencia, podr\u00e1 reducir el tiempo de inactividad de su equipo en caso de aver\u00eda.<\/p>\n<\/div><\/div><\/div><\/div><\/div><div class=\"w-tabs-section\" id=\"i203\"><button class=\"w-tabs-section-header\" aria-controls=\"content-i203\" aria-expanded=\"false\"><h3 class=\"w-tabs-section-title\">Servicio en una amplia regi\u00f3n y excelentes garant\u00edas<\/h3><div class=\"w-tabs-section-control\"><\/div><\/button><div  class=\"w-tabs-section-content\" id=\"content-i203\"><div class=\"w-tabs-section-content-h i-cf\"><div class=\"wpb_text_column\"><div class=\"wpb_wrapper\"><p>Machinage Gagn\u00e9 ofrece <strong>sus servicios en un amplio territorio<\/strong>. Prestamos servicio a ciudades del \u00e1rea metropolitana, como la costa sur de Montreal, Montreal, Saint-Hubert, Boucherville y Longueuil. Adem\u00e1s, <strong>Machinage Gagn\u00e9 no solo ofrece servicios de fundici\u00f3n: es experta<\/strong> en mecanizado CNC, engranajes, soldadura, dise\u00f1os de construcci\u00f3n e ingenier\u00eda, mantenimiento y desarrollo de herramientas y equipos, e incluso afilado.<\/p>\n<\/div><\/div><\/div><\/div><\/div><\/div><\/div><\/div><\/div><div class=\"wpb_column vc_column_container us_custom_8b3d6790 has_text_color stretched\"><div class=\"vc_column-overlay\" style=\"background:#ffffff\"><\/div><div class=\"vc_column-inner\"><div class=\"w-btn-wrapper align_none\"><a class=\"w-btn us-btn-style_2 underline icon_atleft\" href=\"https:\/\/machinagegagne.ca\/es\/servicios\/\"><i class=\"fas fa-long-arrow-left\"><\/i><span class=\"w-btn-label\">Volver a servicios<\/span><\/a><\/div><div class=\"wpb_text_column\"><div class=\"wpb_wrapper\"><p>En el sector manufacturero, el moldeo por inyecci\u00f3n y el moldeo por extrusi\u00f3n son t\u00e9cnicas de moldeo de pl\u00e1stico que se utilizan para fabricar una gran variedad de productos. Entre ellos se incluyen botellas de pl\u00e1stico, tuber\u00edas, productos agr\u00edcolas, componentes de automoci\u00f3n y art\u00edculos dom\u00e9sticos de uso cotidiano. Los moldes utilizados suelen ser excepcionalmente eficientes para <g id=\"gid_0\">fabricar grandes cantidades de piezas<\/g>. El moldeo por inyecci\u00f3n se puede utilizar para dar forma a pl\u00e1sticos y elast\u00f3meros, as\u00ed como a determinados metales y aleaciones.   <\/p>\n<p>El taller de mecanizado Machinage Gagn\u00e9 ofrece una gama completa de reparaci\u00f3n y mantenimiento para moldeo de pl\u00e1stico por inyecci\u00f3n en los sectores comercial e industrial. Nos especializamos en casi todos los tipos de mecanizado necesarios para reparar y prevenir el mantenimiento preventivo. Tambi\u00e9n dise\u00f1amos y fabricamos los moldes, as\u00ed como creamos prototipos para muestras y piezas de producci\u00f3n. Machinage Gagn\u00e9 tiene experiencia en mecanizado CNC de 2, 3 y 4 ejes, retrabajo, dise\u00f1o y mecanizado asistidos por computadora, y dise\u00f1o y desarrollo de piezas.   <\/p>\n<p>Ya sea que est\u00e9 en Montreal, Longueuil, Saint-Hubert, Boucherville u otra ciudad, disfrute de nuestro equipo completo de reparaci\u00f3n y herramientas, nuestra experiencia en mantenimiento y reparaci\u00f3n de moldes de inyecci\u00f3n, nuestro servicio r\u00e1pido y nuestra certificaci\u00f3n ISO.<\/p>\n<\/div><\/div><div class=\"w-btn-wrapper align_none\"><a class=\"w-btn us-btn-style_2 underline icon_atleft\" href=\"https:\/\/machinagegagne.ca\/es\/presupuesto\/\"><i class=\"fas fa-long-arrow-right\"><\/i><span class=\"w-btn-label\">Solicitud de presupuesto<\/span><\/a><\/div><\/div><\/div><\/div><\/div><\/section>\n","protected":false},"excerpt":{"rendered":"\u00bfQu\u00e9 es el moldeo por inyecci\u00f3n?Tambi\u00e9n conocido como \u00abinyecci\u00f3n de pl\u00e1stico\u00bb, el moldeo por inyecci\u00f3n es un proceso de fabricaci\u00f3n que utiliza materiales termoformables, como la fabricaci\u00f3n de botellas de pl\u00e1stico o piezas de fontaner\u00eda y plomer\u00eda. Estos ejemplos est\u00e1n fabricados esencialmente con materiales termopl\u00e1sticos. Adem\u00e1s, la mayor\u00eda de las piezas termopl\u00e1sticas se fabrican utilizando...","protected":false},"author":1,"featured_media":73182,"parent":73167,"menu_order":0,"comment_status":"closed","ping_status":"closed","template":"","meta":{"footnotes":""},"class_list":["post-73183","page","type-page","status-publish","has-post-thumbnail","hentry"],"_links":{"self":[{"href":"https:\/\/machinagegagne.ca\/es\/wp-json\/wp\/v2\/pages\/73183","targetHints":{"allow":["GET"]}}],"collection":[{"href":"https:\/\/machinagegagne.ca\/es\/wp-json\/wp\/v2\/pages"}],"about":[{"href":"https:\/\/machinagegagne.ca\/es\/wp-json\/wp\/v2\/types\/page"}],"author":[{"embeddable":true,"href":"https:\/\/machinagegagne.ca\/es\/wp-json\/wp\/v2\/users\/1"}],"replies":[{"embeddable":true,"href":"https:\/\/machinagegagne.ca\/es\/wp-json\/wp\/v2\/comments?post=73183"}],"version-history":[{"count":5,"href":"https:\/\/machinagegagne.ca\/es\/wp-json\/wp\/v2\/pages\/73183\/revisions"}],"predecessor-version":[{"id":73646,"href":"https:\/\/machinagegagne.ca\/es\/wp-json\/wp\/v2\/pages\/73183\/revisions\/73646"}],"up":[{"embeddable":true,"href":"https:\/\/machinagegagne.ca\/es\/wp-json\/wp\/v2\/pages\/73167"}],"wp:featuredmedia":[{"embeddable":true,"href":"https:\/\/machinagegagne.ca\/es\/wp-json\/wp\/v2\/media\/73182"}],"wp:attachment":[{"href":"https:\/\/machinagegagne.ca\/es\/wp-json\/wp\/v2\/media?parent=73183"}],"curies":[{"name":"wp","href":"https:\/\/api.w.org\/{rel}","templated":true}]}}