{"id":73187,"date":"2025-11-17T09:33:26","date_gmt":"2025-11-17T14:33:26","guid":{"rendered":"https:\/\/machinagegagne.ca\/servicios\/soldadura\/"},"modified":"2026-01-14T16:20:36","modified_gmt":"2026-01-14T21:20:36","slug":"soldadura","status":"publish","type":"page","link":"https:\/\/machinagegagne.ca\/es\/servicios\/soldadura\/","title":{"rendered":"Soldadura"},"content":{"rendered":"<section class=\"l-section wpb_row bg-tag height_auto\"><div class=\"l-section-h i-cf\"><div class=\"g-cols vc_row via_grid cols_2 laptops-cols_inherit tablets-cols_inherit mobiles-cols_1 valign_top type_boxes reversed stacking_default\" style=\"--columns-gap:0rem;\"><div class=\"wpb_column vc_column_container\"><div class=\"vc_column-inner\"><div class=\"w-tabs style_default switch_click accordion has_scrolling remove_indents\"><div class=\"w-tabs-sections titles-align_none icon_chevron cpos_right\"><div class=\"w-tabs-section\" id=\"r523\"><button class=\"w-tabs-section-header\" aria-controls=\"content-r523\" aria-expanded=\"false\"><h3 class=\"w-tabs-section-title\">Servicios de soldadura ofrecidos por Machinage Gagn\u00e9<\/h3><div class=\"w-tabs-section-control\"><\/div><\/button><div  class=\"w-tabs-section-content\" id=\"content-r523\"><div class=\"w-tabs-section-content-h i-cf\"><div class=\"wpb_text_column\"><div class=\"wpb_wrapper\"><p>La soldadura es un conjunto de t\u00e9cnicas de uni\u00f3n de piezas que generalmente utiliza calor. Durante la soldadura, se produce calor utilizando diferentes dispositivos y m\u00e9todos. Para aprovechar la mejor soldadura, las empresas y los individuos tienen un gran inter\u00e9s en recurrir a profesionales en el campo. Aqu\u00ed es donde entra en juego <strong>Machinage Gagn\u00e9<\/strong>: nuestra empresa ofrece servicios de soldadura que satisfacen las necesidades de sus clientes.<\/p>\n<\/div><\/div><\/div><\/div><\/div><div class=\"w-tabs-section\" id=\"b61c\"><button class=\"w-tabs-section-header\" aria-controls=\"content-b61c\" aria-expanded=\"false\"><h3 class=\"w-tabs-section-title\">Introducci\u00f3n y uso de la soldadura<\/h3><div class=\"w-tabs-section-control\"><\/div><\/button><div  class=\"w-tabs-section-content\" id=\"content-b61c\"><div class=\"w-tabs-section-content-h i-cf\"><div class=\"wpb_text_column\"><div class=\"wpb_wrapper\"><p>La soldadura es un proceso de ensamblaje permanente por fusi\u00f3n o por aporte de metal. Esta fusi\u00f3n se debe principalmente al calor o a la alta presi\u00f3n. De hecho, el calentamiento de las piezas permite asegurar una conexi\u00f3n perfecta entre los materiales.<\/p>\n<\/div><\/div><\/div><\/div><\/div><div class=\"w-tabs-section\" id=\"g713\"><button class=\"w-tabs-section-header\" aria-controls=\"content-g713\" aria-expanded=\"false\"><h3 class=\"w-tabs-section-title\">Procesos clave de soldadura<\/h3><div class=\"w-tabs-section-control\"><\/div><\/button><div  class=\"w-tabs-section-content\" id=\"content-g713\"><div class=\"w-tabs-section-content-h i-cf\"><div class=\"wpb_text_column\"><div class=\"wpb_wrapper\"><p>Se pueden utilizar varios procesos para soldar materiales met\u00e1licos juntos. La elecci\u00f3n del proceso depende de varios factores, incluida la composici\u00f3n del acero, el grosor del material de soldadura, la ubicaci\u00f3n de la soldadura y el costo. Entre los muchos procesos de soldadura, la soldadura con electrodo de tungsteno (TIG) es la que Machinage Gagn\u00e9 ofrece con m\u00e1s frecuencia a sus clientes. El equipo de nuestra empresa tambi\u00e9n ofrece servicios de soldadura MIG, que utiliza un gas inerte. Las soldaduras TIG y MIG son dos tipos de procesos de soldadura con alambre, en los que se funde un alambre bajo el efecto del calor para crear la uni\u00f3n entre las diferentes partes. Tambi\u00e9n tenemos el equipo para realizar soldaduras por resistencia.<\/p>\n<p>Otro proceso com\u00fanmente utilizado es la soldadura por arco, que incorpora varios m\u00e9todos y principios de soldadura. Como su nombre lo indica, este proceso utiliza un arco el\u00e9ctrico que eleva la temperatura de los materiales hasta que alcanzan su punto de fusi\u00f3n, permiti\u00e9ndoles soldar. El equipo de soldadura por arco incluye alambre de soldadura, electrodos, varilla y estaci\u00f3n de soldadura.<\/p>\n<\/div><\/div><\/div><\/div><\/div><\/div><\/div><\/div><\/div><div class=\"wpb_column vc_column_container us_custom_8b3d6790 has_text_color stretched\"><div class=\"vc_column-overlay\" style=\"background:var(--color-header-middle-text)\"><\/div><div class=\"vc_column-inner\"><div class=\"w-btn-wrapper align_none\"><a class=\"w-btn us-btn-style_2 underline icon_atleft\" href=\"https:\/\/machinagegagne.ca\/es\/servicios\/\"><i class=\"fas fa-long-arrow-left\"><\/i><span class=\"w-btn-label\">Volver a servicios<\/span><\/a><\/div><div class=\"wpb_text_column\"><div class=\"wpb_wrapper\"><p>Machinage Gagn\u00e9 ofrece servicios de soldadura en varias ciudades como Montreal, Boucherville, Longueuil, Saint-Hubert y otras ciudades de la Costa Sur de Montreal. Nuestro equipo de profesionales es responsable de la instalaci\u00f3n y reparaci\u00f3n de todo tipo de metales, como acero, aluminio y acero inoxidable. Tambi\u00e9n proporcionamos servicios de corte por plasma en diversas formas, con precisi\u00f3n incomparable y calidad excepcional.<\/p>\n<p>Machinage Gagn\u00e9 tiene experiencia en los muchos sectores que necesitan trabajos de soldadura, por ejemplo metalurgia, el sector agr\u00edcola, construcci\u00f3n o incluso el sector cinematogr\u00e1fico. Nous fournissons \u00e9galement des services de soudure g\u00e9n\u00e9rale aux clients qui se pr\u00e9sentent dans notre usine pour faire r\u00e9parer leurs pi\u00e8ces. Notre \u00e9quipe d\u2019experts fournit un service sur mesure qui r\u00e9pondra parfaitement \u00e0 vos besoins et \u00e0 vos attentes.<\/p>\n<p>Si desea disfrutar de un trabajo r\u00e1pido y profesional, \u00a1llame a Machinage Gagn\u00e9, su taller de trabajo! Nuestra disponibilidad le ahorra tiempo y reduce el tiempo de inactividad. Adem\u00e1s,<strong> nuestros servicios<\/strong> no se limitan a la soldadura: somos la empresa que necesita para todas sus necesidades en <a href=\"https:\/\/machinagegagne.ca\/es\/servicios\/fabricacion-cnc\/\">mecanizado CNC<\/a>, inspecci\u00f3n, <a href=\"https:\/\/machinagegagne.ca\/es\/servicios\/engranajes\/\">engranajes<\/a>, <a href=\"https:\/\/machinagegagne.ca\/services\/services-de-reparation-et-dentretien-de-vos-moules-dinjection\/\">moldes de inyecci\u00f3n<\/a>, mantenimiento y <a href=\"https:\/\/machinagegagne.ca\/es\/servicios\/dibujo-cad\/\">dise\u00f1o CAD\/CAO<\/a>.<\/p>\n<\/div><\/div><div class=\"w-btn-wrapper align_none\"><a class=\"w-btn us-btn-style_2 underline icon_atleft\" href=\"https:\/\/machinagegagne.ca\/es\/presupuesto\/\"><i class=\"fas fa-long-arrow-right\"><\/i><span class=\"w-btn-label\">Solicitud de cotizaci\u00f3n<\/span><\/a><\/div><\/div><\/div><\/div><\/div><\/section>\n","protected":false},"excerpt":{"rendered":"Servicios de soldadura ofrecidos por Machinage Gagn\u00e9La soldadura es un conjunto de t\u00e9cnicas de uni\u00f3n de piezas que generalmente utiliza calor. Durante la soldadura, se produce calor utilizando diferentes dispositivos y m\u00e9todos. Para aprovechar la mejor soldadura, las empresas y los individuos tienen un gran inter\u00e9s en recurrir a profesionales en el campo. Aqu\u00ed es...","protected":false},"author":1,"featured_media":73186,"parent":73167,"menu_order":0,"comment_status":"closed","ping_status":"closed","template":"","meta":{"footnotes":""},"class_list":["post-73187","page","type-page","status-publish","has-post-thumbnail","hentry"],"_links":{"self":[{"href":"https:\/\/machinagegagne.ca\/es\/wp-json\/wp\/v2\/pages\/73187","targetHints":{"allow":["GET"]}}],"collection":[{"href":"https:\/\/machinagegagne.ca\/es\/wp-json\/wp\/v2\/pages"}],"about":[{"href":"https:\/\/machinagegagne.ca\/es\/wp-json\/wp\/v2\/types\/page"}],"author":[{"embeddable":true,"href":"https:\/\/machinagegagne.ca\/es\/wp-json\/wp\/v2\/users\/1"}],"replies":[{"embeddable":true,"href":"https:\/\/machinagegagne.ca\/es\/wp-json\/wp\/v2\/comments?post=73187"}],"version-history":[{"count":5,"href":"https:\/\/machinagegagne.ca\/es\/wp-json\/wp\/v2\/pages\/73187\/revisions"}],"predecessor-version":[{"id":73618,"href":"https:\/\/machinagegagne.ca\/es\/wp-json\/wp\/v2\/pages\/73187\/revisions\/73618"}],"up":[{"embeddable":true,"href":"https:\/\/machinagegagne.ca\/es\/wp-json\/wp\/v2\/pages\/73167"}],"wp:featuredmedia":[{"embeddable":true,"href":"https:\/\/machinagegagne.ca\/es\/wp-json\/wp\/v2\/media\/73186"}],"wp:attachment":[{"href":"https:\/\/machinagegagne.ca\/es\/wp-json\/wp\/v2\/media?parent=73187"}],"curies":[{"name":"wp","href":"https:\/\/api.w.org\/{rel}","templated":true}]}}