{"id":73194,"date":"2025-11-17T09:38:33","date_gmt":"2025-11-17T14:38:33","guid":{"rendered":"https:\/\/machinagegagne.ca\/contactenos\/"},"modified":"2025-12-01T08:09:53","modified_gmt":"2025-12-01T13:09:53","slug":"contactenos","status":"publish","type":"page","link":"https:\/\/machinagegagne.ca\/es\/contactenos\/","title":{"rendered":"Cont\u00e1ctenos"},"content":{"rendered":"<section class=\"l-section wpb_row bg-tag height_auto\"><div class=\"l-section-h i-cf\"><div class=\"g-cols vc_row via_grid cols_2 laptops-cols_inherit tablets-cols_inherit mobiles-cols_1 valign_top type_boxes reversed stacking_default\"><div class=\"wpb_column vc_column_container\"><div class=\"vc_column-inner\"><div class=\"wpb_text_column\"><div class=\"wpb_wrapper\"><h2>Nuestro equipo<\/h2>\n<h3>Informaci\u00f3n general<small><\/small><\/h3>\n<\/div><\/div><div class=\"w-btn-wrapper align_none\"><a class=\"w-btn us-btn-style_3 underline\" href=\"mailto:info@machinagegagne.ca\"><span class=\"w-btn-label\">info@machinagegagne.ca<\/span><\/a><\/div><div class=\"w-separator size_small\"><\/div><div class=\"wpb_text_column\"><div class=\"wpb_wrapper\"><h3>Pida<\/h3>\n<\/div><\/div><div class=\"w-btn-wrapper align_none\"><a class=\"w-btn us-btn-style_3 underline\" href=\"mailto:commande@machinagegagne.ca\"><span class=\"w-btn-label\">commande@machinagegagne.ca<\/span><\/a><\/div><div class=\"w-separator size_small\"><\/div><div class=\"wpb_text_column\"><div class=\"wpb_wrapper\"><h3>Presupuesto<\/h3>\n<\/div><\/div><div class=\"w-btn-wrapper align_none\"><a class=\"w-btn us-btn-style_3 underline\" href=\"mailto:soumission@machinagegagne.ca\"><span class=\"w-btn-label\">soumission@machinagegagne.ca<\/span><\/a><\/div><div class=\"w-separator size_small\"><\/div><div class=\"wpb_text_column\"><div class=\"wpb_wrapper\"><h3>Empleos<\/h3>\n<\/div><\/div><div class=\"w-btn-wrapper align_none\"><a class=\"w-btn us-btn-style_3 underline\" href=\"mailto:emploi@machinagegagne.ca\"><span class=\"w-btn-label\">emploi@machinagegagne.ca<\/span><\/a><\/div><div class=\"w-separator size_small\"><\/div><div class=\"wpb_text_column\"><div class=\"wpb_wrapper\"><h3>Control de calidad \/ Dise\u00f1o<\/h3>\n<\/div><\/div><div class=\"w-btn-wrapper align_none\"><a class=\"w-btn us-btn-style_3 underline\" href=\"mailto:dessin@machinagegagne.ca\"><span class=\"w-btn-label\">dessin@machinagegagne.ca<\/span><\/a><\/div><div class=\"w-separator size_small\"><\/div><div class=\"wpb_text_column\"><div class=\"wpb_wrapper\"><h3>Francis Boag <small>&#8211; Propietario<\/small><\/h3>\n<\/div><\/div><div class=\"w-btn-wrapper align_none\"><a class=\"w-btn us-btn-style_3 underline\" href=\"mailto:francis.boag@machinagegagne.ca\"><span class=\"w-btn-label\">francis.boag@machinagegagne.ca<\/span><\/a><\/div><div class=\"w-separator size_small\"><\/div><div class=\"wpb_text_column\"><div class=\"wpb_wrapper\"><h3>St\u00e9phane Pitre <small>&#8211; Director general<\/small><\/h3>\n<\/div><\/div><div class=\"w-btn-wrapper align_none\"><a class=\"w-btn us-btn-style_3 underline\" href=\"mailto:stephane.p@machinagegagne.ca\"><span class=\"w-btn-label\">stephane.p@machinagegagne.ca<\/span><\/a><\/div><div class=\"w-separator size_small\"><\/div><div class=\"wpb_text_column\"><div class=\"wpb_wrapper\"><h3>H\u00e9l\u00e8ne Jean <small>&#8211; Asistente administrativo \/ Cuentas por cobrar<\/small><small><\/small><\/h3>\n<\/div><\/div><div class=\"w-btn-wrapper align_none\"><a class=\"w-btn us-btn-style_3 underline\" href=\"mailto:helene.j@machinagegagne.ca\"><span class=\"w-btn-label\">helene.j@machinagegagne.ca<\/span><\/a><\/div><div class=\"w-separator size_small\"><\/div><div class=\"wpb_text_column\"><div class=\"wpb_wrapper\"><h3>Natacha Cl\u00e9ment <small>&#8211; Empleado administrativo \/ Cuentas por pagar<\/small><small><\/small><\/h3>\n<\/div><\/div><div class=\"w-btn-wrapper align_none\"><a class=\"w-btn us-btn-style_3 underline\" href=\"mailto:natacha.c@machinagegagne.ca\"><span class=\"w-btn-label\">natacha.c@machinagegagne.ca<\/span><\/a><\/div><div class=\"w-separator size_small\"><\/div><div class=\"wpb_text_column\"><div class=\"wpb_wrapper\"><h3>Alain Beauchemin <small>&#8211; Coordinador de producci\u00f3n<\/small><\/h3>\n<\/div><\/div><div class=\"w-btn-wrapper align_none\"><a class=\"w-btn us-btn-style_3 underline\" href=\"mailto:alain.b@machinagegagne.ca\"><span class=\"w-btn-label\">alain.b@machinagegagne.ca<\/span><\/a><\/div><div class=\"w-separator size_small\"><\/div><div class=\"wpb_text_column\"><div class=\"wpb_wrapper\"><h3>Julie Brodeur <small>&#8211; Gerente, Sistema de Gesti\u00f3n de Calidad<br \/><\/small><\/h3>\n<\/div><\/div><div class=\"w-btn-wrapper align_none\"><a class=\"w-btn us-btn-style_3 underline\" href=\"mailto:julie.b@machinagegagne.ca\"><span class=\"w-btn-label\">julie.b@machinagegagne.ca<\/span><\/a><\/div><div class=\"wpb_text_column\"><div class=\"wpb_wrapper\"><p><small>*Sistema de gesti\u00f3n de la calidad (SGC)<\/small><\/p>\n<\/div><\/div><\/div><\/div><div class=\"wpb_column vc_column_container us_custom_8b3d6790 has_text_color stretched\"><div class=\"vc_column-overlay\" style=\"background:var(--color-header-middle-text)\"><\/div><div class=\"vc_column-inner\"><div class=\"wpb_text_column\"><div class=\"wpb_wrapper\"><h2 style=\"margin-top: 0px !important;\">Coordenadas<\/h2>\n<\/div><\/div><div class=\"w-separator size_small\"><\/div><div class=\"w-iconbox iconpos_left style_default color_custom align_left no_title\"><div class=\"w-iconbox-icon\" style=\"font-size:1.5rem;\"><i class=\"fal fa-phone-alt\"><\/i><\/div><div class=\"w-iconbox-meta\"><div class=\"w-iconbox-text\"><p><a href=\"tel:4503784929\">450-378-4929<\/a><\/p>\n<\/div><\/div><\/div><div class=\"w-separator size_custom\" style=\"height:0.5rem\"><\/div><div class=\"w-iconbox iconpos_left style_default color_custom align_left no_title\"><div class=\"w-iconbox-icon\" style=\"font-size:1.5rem;\"><i class=\"fal fa-fax\"><\/i><\/div><div class=\"w-iconbox-meta\"><div class=\"w-iconbox-text\"><p>450-378-2395<\/p>\n<\/div><\/div><\/div><div class=\"w-separator size_custom\" style=\"height:2rem\"><\/div><div class=\"w-hwrapper valign_top wrap stack_on_mobiles align_left\" style=\"--hwrapper-gap:5rem\"><div class=\"w-vwrapper align_none valign_top\"><h4 class=\"w-text\"><span class=\"w-text-h\"><span class=\"w-text-value\">Sede central<\/span><\/span><\/h4><div class=\"w-iconbox iconpos_left style_default color_custom align_left no_title\"><div class=\"w-iconbox-icon\" style=\"font-size:1.5rem;\"><i class=\"fal fa-map-marker-alt\"><\/i><\/div><div class=\"w-iconbox-meta\"><div class=\"w-iconbox-text\"><p>790, boul. Industriel<br \/>Granby, QC J2G 9J5<\/p>\n<\/div><\/div><\/div><\/div><div class=\"w-vwrapper align_left valign_top\"><h4 class=\"w-text\"><span class=\"w-text-h\"><span class=\"w-text-value\">Plan 2<\/span><\/span><\/h4><div class=\"w-iconbox iconpos_left style_default color_custom align_left no_title\"><div class=\"w-iconbox-icon\" style=\"font-size:1.5rem;\"><i class=\"fal fa-map-marker-alt\"><\/i><\/div><div class=\"w-iconbox-meta\"><div class=\"w-iconbox-text\"><div class=\"w-iconbox iconpos_left style_default color_custom align_left no_title\">\n<div class=\"w-iconbox-meta\">\n<div class=\"w-iconbox-text\">\n<p><span class=\"header-adress\">609, rue Laurent<br \/>Granby, Qu\u00e9bec J2G 8Y3<\/span><\/div>\n<\/div>\n<\/div>\n<\/div><\/div><\/div><\/div><\/div><div class=\"w-separator size_small\"><\/div><div class=\"w-socials us_custom_4637a944 has_text_color color_text shape_circle style_colored hover_fade\" style=\"--gap:5px;\"><div class=\"w-socials-list\"><div class=\"w-socials-item facebook\"><a target=\"_blank\" href=\"https:\/\/www.facebook.com\/Machinage-Gagn\u00e9-Atelier-dusinage-Granby-Qc-405451069474253\" class=\"w-socials-item-link\" aria-label=\"Facebook\" rel=\"noopener\"><span class=\"w-socials-item-link-hover\"><\/span><i class=\"fab fa-facebook\"><\/i><\/a><\/div><div class=\"w-socials-item email\"><a href=\"mailto:info@machinagegagne.ca\" class=\"w-socials-item-link\" aria-label=\"Correo electr\u00f3nico\"><span class=\"w-socials-item-link-hover\"><\/span><i class=\"fas fa-envelope\"><\/i><\/a><\/div><\/div><\/div><div class=\"w-separator size_small\"><\/div><div class=\"w-map provider_google\" id=\"us_map_1\"><div class=\"w-map-inner\"><div class=\"w-map-json\" onclick='return {&quot;address&quot;:&quot;790, boul. Industriel Granby, Qu\\u00e9bec J2G 9J5 &quot;,&quot;disableDragging&quot;:0,&quot;disableZoom&quot;:0,&quot;hideControls&quot;:1,&quot;zoom&quot;:14,&quot;markers&quot;:[{&quot;address&quot;:&quot;790, boul. Industriel Granby, Qu\\u00e9bec J2G 9J5 &quot;,&quot;html&quot;:&quot;&quot;,&quot;infowindow&quot;:0},{&quot;address&quot;:&quot;790, boul. Industriel Granby, Qu\\u00e9bec J2G 9J5 &quot;,&quot;html&quot;:&quot;&lt;strong&gt;Si\\u00e8ge social - Machinage Gagn\\u00e9&lt;\\\/strong&gt;&lt;br&gt;790, boul. Industriel, Granby, Qu\\u00e9bec J2G 9J5 &quot;,&quot;marker_img&quot;:null,&quot;marker_size&quot;:[&quot;30&quot;,&quot;30&quot;]},{&quot;address&quot;:&quot;609, rue Laurent Granby, Qu\\u00e9bec J2G 8Y3&quot;,&quot;html&quot;:&quot;&lt;strong&gt;Plan 2 - Machinage Gagn\\u00e9&lt;\\\/strong&gt;&lt;br&gt;609, rue Laurent, Granby, Qu\\u00e9bec J2G 8Y3&quot;,&quot;marker_img&quot;:null,&quot;marker_size&quot;:[&quot;30&quot;,&quot;30&quot;]}],&quot;icon&quot;:{&quot;url&quot;:&quot;https:\\\/\\\/machinagegagne.ca\\\/wp-content\\\/uploads\\\/favicon.png&quot;,&quot;size&quot;:[30,30]},&quot;maptype&quot;:&quot;ROADMAP&quot;}'><\/div><\/div><\/div><\/div><\/div><\/div><\/div><\/section>\n","protected":false},"excerpt":{"rendered":"Nuestro equipo Informaci\u00f3n general info@machinagegagne.ca Pida commande@machinagegagne.ca Presupuesto soumission@machinagegagne.ca Empleos emploi@machinagegagne.ca Control de calidad \/ Dise\u00f1o dessin@machinagegagne.ca Francis Boag &#8211; Propietario francis.boag@machinagegagne.ca St\u00e9phane Pitre &#8211; Director general stephane.p@machinagegagne.ca H\u00e9l\u00e8ne Jean &#8211; Asistente administrativo \/ Cuentas por cobrar helene.j@machinagegagne.ca Natacha Cl\u00e9ment &#8211; Empleado administrativo \/ Cuentas por pagar natacha.c@machinagegagne.ca Alain Beauchemin &#8211; Coordinador de producci\u00f3n alain.b@machinagegagne.ca...","protected":false},"author":1,"featured_media":73193,"parent":0,"menu_order":0,"comment_status":"closed","ping_status":"closed","template":"","meta":{"footnotes":""},"class_list":["post-73194","page","type-page","status-publish","has-post-thumbnail","hentry"],"_links":{"self":[{"href":"https:\/\/machinagegagne.ca\/es\/wp-json\/wp\/v2\/pages\/73194","targetHints":{"allow":["GET"]}}],"collection":[{"href":"https:\/\/machinagegagne.ca\/es\/wp-json\/wp\/v2\/pages"}],"about":[{"href":"https:\/\/machinagegagne.ca\/es\/wp-json\/wp\/v2\/types\/page"}],"author":[{"embeddable":true,"href":"https:\/\/machinagegagne.ca\/es\/wp-json\/wp\/v2\/users\/1"}],"replies":[{"embeddable":true,"href":"https:\/\/machinagegagne.ca\/es\/wp-json\/wp\/v2\/comments?post=73194"}],"version-history":[{"count":5,"href":"https:\/\/machinagegagne.ca\/es\/wp-json\/wp\/v2\/pages\/73194\/revisions"}],"predecessor-version":[{"id":73434,"href":"https:\/\/machinagegagne.ca\/es\/wp-json\/wp\/v2\/pages\/73194\/revisions\/73434"}],"wp:featuredmedia":[{"embeddable":true,"href":"https:\/\/machinagegagne.ca\/es\/wp-json\/wp\/v2\/media\/73193"}],"wp:attachment":[{"href":"https:\/\/machinagegagne.ca\/es\/wp-json\/wp\/v2\/media?parent=73194"}],"curies":[{"name":"wp","href":"https:\/\/api.w.org\/{rel}","templated":true}]}}