{"id":73198,"date":"2025-11-17T09:39:31","date_gmt":"2025-11-17T14:39:31","guid":{"rendered":"https:\/\/machinagegagne.ca\/carreras\/"},"modified":"2025-12-01T08:12:56","modified_gmt":"2025-12-01T13:12:56","slug":"carreras","status":"publish","type":"page","link":"https:\/\/machinagegagne.ca\/es\/carreras\/","title":{"rendered":"Carreras"},"content":{"rendered":"<section class=\"l-section wpb_row bg-tag height_auto\"><div class=\"l-section-h i-cf\"><div class=\"g-cols vc_row via_grid cols_2 laptops-cols_inherit tablets-cols_inherit mobiles-cols_1 valign_top type_boxes reversed stacking_default\"><div class=\"wpb_column vc_column_container\"><div class=\"vc_column-inner\"><div class=\"w-video align_none ratio_16x9 has_iframe\"><div class=\"w-video-h\"><iframe title=\"Youtube video player\" src=\"\/\/www.youtube.com\/embed\/_aI_8vwETzI?autoplay=0&controls=1&origin=https:\/\/machinagegagne.ca\/es\/&loop=0&mute=0\" allowfullscreen=\"1\" loading=\"lazy\"><\/iframe><\/div><\/div><div class=\"w-separator size_small\"><\/div><div class=\"w-video align_none ratio_16x9 has_iframe\"><div class=\"w-video-h\"><iframe title=\"Youtube video player\" src=\"\/\/www.youtube.com\/embed\/udg8CMlkcgo?autoplay=0&controls=1&origin=https:\/\/machinagegagne.ca\/es\/&loop=0&mute=0\" allowfullscreen=\"1\" loading=\"lazy\"><\/iframe><\/div><\/div><\/div><\/div><div class=\"wpb_column vc_column_container us_custom_8b3d6790 has_text_color stretched\"><div class=\"vc_column-overlay\" style=\"background:var(--color-header-middle-text)\"><\/div><div class=\"vc_column-inner\"><div class=\"wpb_text_column\"><div class=\"wpb_wrapper\"><h2 style=\"margin-top: 10px !important;\">Puestos<\/h2>\n<\/div><\/div><div class=\"w-separator size_small\"><\/div><div class=\"w-btn-wrapper align_none\"><a class=\"w-btn us-btn-style_2 underline icon_atleft\" href=\"mailto:emploi@machinagegagne.ca\"><i class=\"fas fa-long-arrow-right\"><\/i><span class=\"w-btn-label\">Env\u00ede su CV<\/span><\/a><\/div><div class=\"w-separator size_custom\" style=\"height:0.5rem\"><\/div><div class=\"w-tabs style_default switch_click accordion has_scrolling remove_indents\"><div class=\"w-tabs-sections titles-align_none icon_chevron cpos_right\"><div class=\"w-tabs-section\" id=\"1497453040327-c6f66c67-16ac\"><button class=\"w-tabs-section-header\" aria-controls=\"content-1497453040327-c6f66c67-16ac\" aria-expanded=\"false\"><h4 class=\"w-tabs-section-title\">Chef d&#039;\u00e9quipe fraisage CNC et tournage (Jour) * Nouveau *<\/h4><div class=\"w-tabs-section-control\"><\/div><\/button><div  class=\"w-tabs-section-content\" id=\"content-1497453040327-c6f66c67-16ac\"><div class=\"w-tabs-section-content-h i-cf\"><div class=\"wpb_text_column\"><div class=\"wpb_wrapper\"><p>Vous recherchez une opportunit\u00e9 de carri\u00e8re qui vous offre l\u2019occasion de g\u00e9rer une \u00e9quipe de 4 \u00e0 6 machinistes dans le d\u00e9partement Fraisage CNC et Tournage et vous avez l\u2019ambition de grandir et \u00e9voluer dans une entreprise qui existe depuis plus de 85 ans ? Nous avons le poste que vous cherchez ! <\/p>\n<p>Machinage Gagn\u00e9 recherche un chef d\u2019\u00e9quipe pour son d\u00e9partement Fraisage CNC et Tournage.<\/p>\n<p>Fond\u00e9 en 1939 sur le principe qu\u2019aucun projet n\u2019est trop grand ou trop petit, Machinage Gagn\u00e9 offre des services cl\u00e9s en main hautement qualifi\u00e9s, notamment en mati\u00e8re d\u2019usinage CNC \u2013 Conventionnel, soudure, fabrication, r\u00e9paration d\u2019engrenages et aiguisage. L\u2019entreprise prend en charge un vaste \u00e9ventail de travaux de r\u00e9paration et de production et ajoute continuellement de nouvelles machines CNC de pointe \u00e0 son effectif pour mieux servir ses clients. Machinage Gagn\u00e9 est reconnue pour sa rapidit\u00e9 d\u2019ex\u00e9cution, la qualit\u00e9 de son service et la pr\u00e9cision de sa fabrication.  <\/p>\n<p><strong>Vos principales responsabilit\u00e9s : <\/strong><\/p>\n<ul>\n<li>Programmer \u00e0 l\u2019aide du logiciel Mastercam le code G qui sera utilis\u00e9 pour l\u2019usinage, 3, 4 et 5 axes.<\/li>\n<li>Optimiser les parcours d\u2019outils et assurer la bonne strat\u00e9gie d\u2019usinage \u00e0 utiliser.<\/li>\n<li>D\u00e9l\u00e9guer les projets parmi les machinistes selon leur exp\u00e9rience et comp\u00e9tence.<\/li>\n<li>Donner la formation sur le logiciel Mastercam.<\/li>\n<li>Fabriquer tout type de jig et gabarit pour une bonne fixture des pi\u00e8ces \u00e0 usiner.<\/li>\n<\/ul>\n<p><strong>Le profil recherch\u00e9 <\/strong><\/p>\n<ul>\n<li>DEC en G\u00e9nie m\u00e9canique ou ASP en Usinage sur contr\u00f4le num\u00e9rique.<\/li>\n<li>10 ans d\u2019exp\u00e9rience pertinente.<\/li>\n<li>Ma\u00eetriser la lecture de plan.<\/li>\n<li>Exp\u00e9rience en m\u00e9trologie.<\/li>\n<li>Ma\u00eetrise avanc\u00e9e du logiciel Mastercam.<\/li>\n<li>Ma\u00eetrise du code G.<\/li>\n<li>Bonne connaissance d\u2019ajustement m\u00e9canique.<\/li>\n<li>Bonne connaissance des techniques d\u2019usinage haute vitesse.<\/li>\n<li>Un atout : connaissance du logiciel MCOSMOS; connaissance de l\u2019impression 3D; connaissance du contr\u00f4leur FANUC; connaissance du contr\u00f4leur SIEMENS 840D; connaissance en dessins 3D SOLIDWORKS ou Mastercam.<\/li>\n<\/ul>\n<p><strong>Vos conditions de travail :<\/strong><\/p>\n<ul>\n<li>Poste permanent et \u00e0 temps plein \u2013 quart de jour du lundi au jeudi de 7h \u00e0 16h30 et le vendredi de 7h \u00e0 12h.<\/li>\n<li>Assurance collective avantageuse apr\u00e8s 6 mois (pay\u00e9 \u00e0 60% par l\u2019employeur)<\/li>\n<li>Activit\u00e9s pr\u00e9par\u00e9es par le Comit\u00e9 du club social.<\/li>\n<li>Bel environnement de travail avec air climatis\u00e9.<\/li>\n<li>Remise d\u2019un bon d\u2019achat de 165$ pour l\u2019achat de bottes et v\u00eatements tous les ans.<\/li>\n<li>Remise d\u2019un t-shirt, coton ouat\u00e9, casquette (apr\u00e8s 3 mois de service et ensuite une fois par ann\u00e9e)<\/li>\n<li>Lunette de s\u00e9curit\u00e9 avec prescription (remboursement de 250$ tous les 2 ans)<\/li>\n<\/ul>\n<\/div><\/div><\/div><\/div><\/div><div class=\"w-tabs-section\" id=\"r6b8\"><button class=\"w-tabs-section-header\" aria-controls=\"content-r6b8\" aria-expanded=\"false\"><h4 class=\"w-tabs-section-title\">Commis de bureau (Jour)<\/h4><div class=\"w-tabs-section-control\"><\/div><\/button><div  class=\"w-tabs-section-content\" id=\"content-r6b8\"><div class=\"w-tabs-section-content-h i-cf\"><div class=\"wpb_text_column\"><div class=\"wpb_wrapper\"><p><strong>Principales fonctions <\/strong><\/p>\n<p>Notre atelier d\u2019usinage est \u00e0 la recherche d\u2019un commis de bureau pour se joindre \u00e0 notre \u00e9quipe dynamique de 30 travailleurs. La personne doit avoir les aptitudes suivantes: l\u2019esprit d\u2019\u00e9quipe, avoir une bonne communication par t\u00e9l\u00e9phone, \u00eatre autonome, avoir l\u2019esprit d\u2019initiative et une bonne gestion du stress. Principales t\u00e2ches : prendre les appels, faire la gestion des soumissions (suivi et classement), g\u00e9rer la r\u00e9ception des commandes de clients, faire les bons de livraison dans Acomba, la facturation, les bons d\u2019achat et appeler les clients. Calculer les dossiers termin\u00e9s et entrer les donn\u00e9es dans le syst\u00e8me (Excel) et autres t\u00e2ches connexes.   <\/p>\n<p><strong>Exigences et conditions de travail<\/strong><\/p>\n<p>Le ou la candidate doit avoir un dipl\u00f4me d\u2019\u00e9tude professionnelle DEP ou coll\u00e9giale DEC ou un AEC en comptabilit\u00e9 et gestion ainsi qu\u2019une exp\u00e9rience de plus d\u2019un an dans le domaine.<\/p>\n<p>Description des Comp\u00e9tences : La personne s\u00e9lectionn\u00e9e doit avoir une bonne connaissance de la suite Microsoft Office (Word, Excel et Outlook), avoir la capacit\u00e9 \u00e0 g\u00e9rer plusieurs dossiers en m\u00eame temps, ma\u00eetriser le fran\u00e7ais (oral + \u00e9crit), l\u2019anglais (un atout) et ma\u00eetriser le logiciel Acomba (un atout).<\/p>\n<p>Nous recherchons un\/une candidat\/e \u00e0 long terme \u00e0 la recherche d&#8217;un emploi s\u00fbr et gratifiant \u00e0 raison de 34 heures par semaine. Horaire : lundi au vendredi de 8 :00 \u00e0 16 :30 et les vendredis de 8 :00 \u00e0 midi. Assurance collective (l\u2019employeur paye 60%) et Club social.  <\/p>\n<p><strong>SALAIRE SELON EXP\u00c9RIENCE \u2013 \u00e0 discuter<\/strong><\/p>\n<\/div><\/div><\/div><\/div><\/div><div class=\"w-tabs-section\" id=\"1631805274783-1d70ef6a-7581\"><button class=\"w-tabs-section-header\" aria-controls=\"content-1631805274783-1d70ef6a-7581\" aria-expanded=\"false\"><h4 class=\"w-tabs-section-title\">Machiniste CNC (Jour)<\/h4><div class=\"w-tabs-section-control\"><\/div><\/button><div  class=\"w-tabs-section-content\" id=\"content-1631805274783-1d70ef6a-7581\"><div class=\"w-tabs-section-content-h i-cf\"><div class=\"wpb_text_column\"><div class=\"wpb_wrapper\"><\/div><\/div><\/div><\/div><\/div><div class=\"w-tabs-section\" id=\"z832\"><button class=\"w-tabs-section-header\" aria-controls=\"content-z832\" aria-expanded=\"false\"><h4 class=\"w-tabs-section-title\">Machiniste conventionnel (Jour)<\/h4><div class=\"w-tabs-section-control\"><\/div><\/button><div  class=\"w-tabs-section-content\" id=\"content-z832\"><div class=\"w-tabs-section-content-h i-cf\"><div class=\"wpb_text_column\"><div class=\"wpb_wrapper\"><\/div><\/div><\/div><\/div><\/div><div class=\"w-tabs-section\" id=\"q8ea\"><button class=\"w-tabs-section-header\" aria-controls=\"content-q8ea\" aria-expanded=\"false\"><h4 class=\"w-tabs-section-title\">Journalier de production (Jour)<\/h4><div class=\"w-tabs-section-control\"><\/div><\/button><div  class=\"w-tabs-section-content\" id=\"content-q8ea\"><div class=\"w-tabs-section-content-h i-cf\"><div class=\"wpb_text_column\"><div class=\"wpb_wrapper\"><\/div><\/div><\/div><\/div><\/div><div class=\"w-tabs-section\" id=\"v9a9\"><button class=\"w-tabs-section-header\" aria-controls=\"content-v9a9\" aria-expanded=\"false\"><h4 class=\"w-tabs-section-title\">Machiniste programmeur CNC (Jour)<\/h4><div class=\"w-tabs-section-control\"><\/div><\/button><div  class=\"w-tabs-section-content\" id=\"content-v9a9\"><div class=\"w-tabs-section-content-h i-cf\"><div class=\"wpb_text_column\"><div class=\"wpb_wrapper\"><\/div><\/div><\/div><\/div><\/div><div class=\"w-tabs-section\" id=\"va65\"><button class=\"w-tabs-section-header\" aria-controls=\"content-va65\" aria-expanded=\"false\"><h4 class=\"w-tabs-section-title\">M\u00e9canicien industriel (Jour)<\/h4><div class=\"w-tabs-section-control\"><\/div><\/button><div  class=\"w-tabs-section-content\" id=\"content-va65\"><div class=\"w-tabs-section-content-h i-cf\"><div class=\"wpb_text_column\"><div class=\"wpb_wrapper\"><\/div><\/div><\/div><\/div><\/div><div class=\"w-tabs-section\" id=\"fb0f\"><button class=\"w-tabs-section-header\" aria-controls=\"content-fb0f\" aria-expanded=\"false\"><h4 class=\"w-tabs-section-title\">Inspecteur \/ Inspectrice &#8211; Contr\u00f4le qualit\u00e9 sur CMM &#8211; Connaissance ISO (Jour)<\/h4><div class=\"w-tabs-section-control\"><\/div><\/button><div  class=\"w-tabs-section-content\" id=\"content-fb0f\"><div class=\"w-tabs-section-content-h i-cf\"><div class=\"wpb_text_column\"><div class=\"wpb_wrapper\"><\/div><\/div><\/div><\/div><\/div><\/div><\/div><div class=\"w-separator size_custom\" style=\"height:0.5rem\"><\/div><div class=\"w-btn-wrapper align_none\"><a class=\"w-btn us-btn-style_2 underline icon_atleft\" href=\"mailto:emploi@machinagegagne.ca\"><i class=\"fas fa-long-arrow-right\"><\/i><span class=\"w-btn-label\">Env\u00ede su CV<\/span><\/a><\/div><\/div><\/div><\/div><\/div><\/section>\n","protected":false},"excerpt":{"rendered":"Puestos Env\u00ede su CVChef d&#039;\u00e9quipe fraisage CNC et tournage (Jour) * Nouveau *Vous recherchez une opportunit\u00e9 de carri\u00e8re qui vous offre l\u2019occasion de g\u00e9rer une \u00e9quipe de 4 \u00e0 6 machinistes dans le d\u00e9partement Fraisage CNC et Tournage et vous avez l\u2019ambition de grandir et \u00e9voluer dans une entreprise qui existe depuis plus de 85...","protected":false},"author":1,"featured_media":73197,"parent":0,"menu_order":0,"comment_status":"closed","ping_status":"closed","template":"","meta":{"footnotes":""},"class_list":["post-73198","page","type-page","status-publish","has-post-thumbnail","hentry"],"_links":{"self":[{"href":"https:\/\/machinagegagne.ca\/es\/wp-json\/wp\/v2\/pages\/73198","targetHints":{"allow":["GET"]}}],"collection":[{"href":"https:\/\/machinagegagne.ca\/es\/wp-json\/wp\/v2\/pages"}],"about":[{"href":"https:\/\/machinagegagne.ca\/es\/wp-json\/wp\/v2\/types\/page"}],"author":[{"embeddable":true,"href":"https:\/\/machinagegagne.ca\/es\/wp-json\/wp\/v2\/users\/1"}],"replies":[{"embeddable":true,"href":"https:\/\/machinagegagne.ca\/es\/wp-json\/wp\/v2\/comments?post=73198"}],"version-history":[{"count":5,"href":"https:\/\/machinagegagne.ca\/es\/wp-json\/wp\/v2\/pages\/73198\/revisions"}],"predecessor-version":[{"id":73443,"href":"https:\/\/machinagegagne.ca\/es\/wp-json\/wp\/v2\/pages\/73198\/revisions\/73443"}],"wp:featuredmedia":[{"embeddable":true,"href":"https:\/\/machinagegagne.ca\/es\/wp-json\/wp\/v2\/media\/73197"}],"wp:attachment":[{"href":"https:\/\/machinagegagne.ca\/es\/wp-json\/wp\/v2\/media?parent=73198"}],"curies":[{"name":"wp","href":"https:\/\/api.w.org\/{rel}","templated":true}]}}